{"id":211,"date":"2025-07-14T17:46:59","date_gmt":"2025-07-14T17:46:59","guid":{"rendered":"https:\/\/prestocashloan.wpenginepowered.com\/?page_id=211"},"modified":"2025-08-19T15:28:55","modified_gmt":"2025-08-19T15:28:55","slug":"carreras","status":"publish","type":"page","link":"https:\/\/prestoloans.com\/es\/careers\/","title":{"rendered":"Carreras profesionales"},"content":{"rendered":"<div data-elementor-type=\"wp-page\" data-elementor-id=\"211\" class=\"elementor elementor-211\" data-elementor-post-type=\"page\">\n\t\t\t\t<div class=\"elementor-element elementor-element-95b8a0d e-flex e-con-boxed e-con e-parent\" data-id=\"95b8a0d\" data-element_type=\"container\" data-e-type=\"container\" data-settings=\"{&quot;background_background&quot;:&quot;classic&quot;}\">\n\t\t\t\t\t<div class=\"e-con-inner\">\n\t\t<div class=\"elementor-element elementor-element-55b0ad2 e-grid e-con-full e-con e-child\" data-id=\"55b0ad2\" data-element_type=\"container\" data-e-type=\"container\">\n\t\t<div class=\"elementor-element elementor-element-42b4e50 e-con-full e-flex e-con e-child\" data-id=\"42b4e50\" data-element_type=\"container\" data-e-type=\"container\">\n\t\t\t\t<div class=\"elementor-element elementor-element-69bbd2f elementor-widget__width-initial elementor-widget-mobile__width-inherit elementor-widget elementor-widget-heading\" data-id=\"69bbd2f\" data-element_type=\"widget\" data-e-type=\"widget\" data-widget_type=\"heading.default\">\n\t\t\t\t\t<h1 class=\"elementor-heading-title elementor-size-default\">Presto Title Loans Empleo<\/h1>\t\t\t\t<\/div>\n\t\t\t\t<div class=\"elementor-element elementor-element-596f98e elementor-widget elementor-widget-heading\" data-id=\"596f98e\" data-element_type=\"widget\" data-e-type=\"widget\" data-widget_type=\"heading.default\">\n\t\t\t\t\t<h4 class=\"elementor-heading-title elementor-size-default\">\u00danete a nuestro equipo ganador<\/h4>\t\t\t\t<\/div>\n\t\t\t\t<div class=\"elementor-element elementor-element-9ad3e88 elementor-widget__width-initial elementor-widget elementor-widget-text-editor\" data-id=\"9ad3e88\" data-element_type=\"widget\" data-e-type=\"widget\" data-widget_type=\"text-editor.default\">\n\t\t\t\t\t\t\t\t\t<p>Buscamos gente incre\u00edble como t\u00fa. Disfruta de horarios flexibles, prestaciones completas, tiempo libre remunerado y salarios competitivos.<\/p>\t\t\t\t\t\t\t\t<\/div>\n\t\t\t\t<div class=\"elementor-element elementor-element-9420918 primary-btn elementor-widget elementor-widget-button\" data-id=\"9420918\" data-element_type=\"widget\" data-e-type=\"widget\" data-widget_type=\"button.default\">\n\t\t\t\t\t\t\t\t\t\t<a class=\"elementor-button elementor-button-link elementor-size-sm\" href=\"#list-careers\">\n\t\t\t\t\t\t<span class=\"elementor-button-content-wrapper\">\n\t\t\t\t\t\t\t\t\t<span class=\"elementor-button-text\">Ver puestos vacantes<\/span>\n\t\t\t\t\t<\/span>\n\t\t\t\t\t<\/a>\n\t\t\t\t\t\t\t\t<\/div>\n\t\t\t\t<\/div>\n\t\t<div class=\"elementor-element elementor-element-0155ab1 e-con-full e-flex e-con e-child\" data-id=\"0155ab1\" data-element_type=\"container\" data-e-type=\"container\">\n\t\t\t\t<div class=\"elementor-element elementor-element-e0270e2 elementor-widget elementor-widget-video\" data-id=\"e0270e2\" data-element_type=\"widget\" data-e-type=\"widget\" data-settings=\"{&quot;youtube_url&quot;:&quot;https:\\\/\\\/www.youtube.com\\\/embed\\\/nE8eKy3SwGY&quot;,&quot;show_image_overlay&quot;:&quot;yes&quot;,&quot;image_overlay&quot;:{&quot;url&quot;:&quot;https:\\\/\\\/prestoloans.com\\\/wp-content\\\/uploads\\\/2025\\\/07\\\/Screenshot-2025-04-16-at-10.08.02-AM-1.jpg&quot;,&quot;id&quot;:213,&quot;size&quot;:&quot;&quot;,&quot;alt&quot;:&quot;&quot;,&quot;source&quot;:&quot;library&quot;},&quot;lightbox&quot;:&quot;yes&quot;,&quot;video_type&quot;:&quot;youtube&quot;,&quot;controls&quot;:&quot;yes&quot;}\" data-widget_type=\"video.default\">\n\t\t\t\t\t\t\t<div class=\"elementor-wrapper elementor-open-lightbox\">\n\t\t\t\t\t\t\t<div class=\"elementor-custom-embed-image-overlay\" data-elementor-open-lightbox=\"yes\" data-elementor-lightbox=\"{&quot;type&quot;:&quot;video&quot;,&quot;videoType&quot;:&quot;youtube&quot;,&quot;url&quot;:&quot;https:\\\/\\\/www.youtube.com\\\/embed\\\/nE8eKy3SwGY?feature=oembed&amp;start&amp;end&amp;wmode=opaque&amp;loop=0&amp;controls=1&amp;mute=0&amp;rel=0&amp;cc_load_policy=0&quot;,&quot;autoplay&quot;:&quot;&quot;,&quot;modalOptions&quot;:{&quot;id&quot;:&quot;elementor-lightbox-e0270e2&quot;,&quot;entranceAnimation&quot;:&quot;&quot;,&quot;entranceAnimation_tablet&quot;:&quot;&quot;,&quot;entranceAnimation_mobile&quot;:&quot;&quot;,&quot;videoAspectRatio&quot;:&quot;169&quot;}}\" data-e-action-hash=\"#elementor-action%3Aaction%3Dlightbox%26settings%3DeyJ0eXBlIjoidmlkZW8iLCJ2aWRlb1R5cGUiOiJ5b3V0dWJlIiwidXJsIjoiaHR0cHM6XC9cL3d3dy55b3V0dWJlLmNvbVwvZW1iZWRcL25FOGVLeTNTd0dZP2ZlYXR1cmU9b2VtYmVkJnN0YXJ0JmVuZCZ3bW9kZT1vcGFxdWUmbG9vcD0wJmNvbnRyb2xzPTEmbXV0ZT0wJnJlbD0wJmNjX2xvYWRfcG9saWN5PTAiLCJhdXRvcGxheSI6IiIsIm1vZGFsT3B0aW9ucyI6eyJpZCI6ImVsZW1lbnRvci1saWdodGJveC1lMDI3MGUyIiwiZW50cmFuY2VBbmltYXRpb24iOiIiLCJlbnRyYW5jZUFuaW1hdGlvbl90YWJsZXQiOiIiLCJlbnRyYW5jZUFuaW1hdGlvbl9tb2JpbGUiOiIiLCJ2aWRlb0FzcGVjdFJhdGlvIjoiMTY5In19\">\n\t\t\t\t\t\t\t\t\t\t\t<img fetchpriority=\"high\" decoding=\"async\" width=\"588\" height=\"326\" src=\"https:\/\/prestoloans.com\/wp-content\/uploads\/2025\/07\/Screenshot-2025-04-16-at-10.08.02-AM-1.jpg\" class=\"attachment-full size-full wp-image-213\" alt=\"\" srcset=\"https:\/\/prestoloans.com\/wp-content\/uploads\/2025\/07\/Screenshot-2025-04-16-at-10.08.02-AM-1.jpg 588w, https:\/\/prestoloans.com\/wp-content\/uploads\/2025\/07\/Screenshot-2025-04-16-at-10.08.02-AM-1-300x166.jpg 300w\" sizes=\"(max-width: 588px) 100vw, 588px\" \/>\t\t\t\t\t\t\t\t\t\t\t\t\t\t\t\t<div class=\"elementor-custom-embed-play\" role=\"button\" aria-label=\"Reproducir v\u00eddeo\" tabindex=\"0\">\n\t\t\t\t\t\t\t<svg xmlns=\"http:\/\/www.w3.org\/2000\/svg\" width=\"155\" height=\"155\" viewbox=\"0 0 155 155\" fill=\"none\"><path fill-rule=\"evenodd\" clip-rule=\"evenodd\" d=\"M77.4987 140.125C85.7227 140.125 93.8662 138.505 101.464 135.358C109.062 132.211 115.966 127.598 121.781 121.783C127.597 115.967 132.209 109.064 135.357 101.466C138.504 93.8676 140.124 85.7241 140.124 77.5C140.124 69.276 138.504 61.1325 135.357 53.5345C132.209 45.9365 127.597 39.0327 121.781 33.2174C115.966 27.4022 109.062 22.7893 101.464 19.6421C93.8662 16.4949 85.7227 14.875 77.4987 14.875C60.8895 14.875 44.9606 21.473 33.2161 33.2174C21.4717 44.9619 14.8737 60.8908 14.8737 77.5C14.8737 94.1092 21.4717 110.038 33.2161 121.783C44.9606 133.527 60.8895 140.125 77.4987 140.125ZM77.4987 154.042C119.771 154.042 154.04 119.772 154.04 77.5C154.04 35.2281 119.771 0.958344 77.4987 0.958344C35.2268 0.958344 0.957031 35.2281 0.957031 77.5C0.957031 119.772 35.2268 154.042 77.4987 154.042Z\" fill=\"white\"><\/path><path d=\"M105.332 77.5L63.582 107.63V47.3704L105.332 77.5Z\" fill=\"white\"><\/path><\/svg>\t\t\t\t\t\t<\/div>\n\t\t\t\t\t\t\t\t\t<\/div>\n\t\t\t\t\t<\/div>\n\t\t\t\t\t\t<\/div>\n\t\t\t\t<\/div>\n\t\t\t\t<\/div>\n\t\t\t\t\t<\/div>\n\t\t\t\t<\/div>\n\t\t<div class=\"elementor-element elementor-element-16c4433 e-flex e-con-boxed e-con e-parent\" data-id=\"16c4433\" data-element_type=\"container\" data-e-type=\"container\" data-settings=\"{&quot;background_background&quot;:&quot;classic&quot;}\">\n\t\t\t\t\t<div class=\"e-con-inner\">\n\t\t<div class=\"elementor-element elementor-element-2f22c5b e-grid e-con-full e-con e-child\" data-id=\"2f22c5b\" data-element_type=\"container\" data-e-type=\"container\">\n\t\t<div class=\"elementor-element elementor-element-41d37ef e-con-full e-flex e-con e-child\" data-id=\"41d37ef\" data-element_type=\"container\" data-e-type=\"container\" data-settings=\"{&quot;background_background&quot;:&quot;classic&quot;}\">\n\t\t\t\t<div class=\"elementor-element elementor-element-d2352ce elementor-widget elementor-widget-spacer\" data-id=\"d2352ce\" data-element_type=\"widget\" data-e-type=\"widget\" data-widget_type=\"spacer.default\">\n\t\t\t\t\t\t\t<div class=\"elementor-spacer\">\n\t\t\t<div class=\"elementor-spacer-inner\"><\/div>\n\t\t<\/div>\n\t\t\t\t\t\t<\/div>\n\t\t\t\t<\/div>\n\t\t<div class=\"elementor-element elementor-element-655cb8e e-con-full e-flex e-con e-child\" data-id=\"655cb8e\" data-element_type=\"container\" data-e-type=\"container\">\n\t\t\t\t<div class=\"elementor-element elementor-element-714c764 elementor-widget elementor-widget-heading\" data-id=\"714c764\" data-element_type=\"widget\" data-e-type=\"widget\" data-widget_type=\"heading.default\">\n\t\t\t\t\t<h2 class=\"elementor-heading-title elementor-size-default\">La carrera que estabas buscando<\/h2>\t\t\t\t<\/div>\n\t\t\t\t<div class=\"elementor-element elementor-element-19ea7e1 elementor-widget elementor-widget-text-editor\" data-id=\"19ea7e1\" data-element_type=\"widget\" data-e-type=\"widget\" data-widget_type=\"text-editor.default\">\n\t\t\t\t\t\t\t\t\t<p>En Presto, damos prioridad a la excelencia en el servicio al cliente como base de nuestras operaciones. Nuestra misi\u00f3n es ofrecer una experiencia excepcional al cliente que nos distinga de nuestros competidores en todos los aspectos. Nos dedicamos a ofrecer soluciones de pr\u00e9stamo innovadoras y beneficiosas para apoyar a las comunidades a las que servimos.<\/p><p>Nuestro equipo en Presto est\u00e1 formado por m\u00e1s de 150 profesionales altamente cualificados y comprometidos, que garantizan que satisfacemos las necesidades de nuestros clientes con experiencia y atenci\u00f3n. Con m\u00faltiples sucursales ubicadas estrat\u00e9gicamente en todo Arizona, estamos bien equipados para atender eficazmente a una clientela diversa.<\/p><p>Como empresa din\u00e1mica y en expansi\u00f3n, Presto busca continuamente personas con talento para unirse a nuestra plantilla. Valoramos a los candidatos que sienten pasi\u00f3n por ofrecer un servicio al cliente excepcional, mantener los m\u00e1s altos niveles de profesionalidad y demostrar un firme compromiso con la calidad y la precisi\u00f3n en todo lo que hacen.<\/p>\t\t\t\t\t\t\t\t<\/div>\n\t\t\t\t<\/div>\n\t\t\t\t<\/div>\n\t\t\t\t\t<\/div>\n\t\t\t\t<\/div>\n\t\t<div class=\"elementor-element elementor-element-72c5167 e-flex e-con-boxed e-con e-parent\" data-id=\"72c5167\" data-element_type=\"container\" data-e-type=\"container\" id=\"list-careers\" data-settings=\"{&quot;background_background&quot;:&quot;classic&quot;}\">\n\t\t\t\t\t<div class=\"e-con-inner\">\n\t\t\t\t<div class=\"elementor-element elementor-element-f35768c elementor-widget elementor-widget-heading\" data-id=\"f35768c\" data-element_type=\"widget\" data-e-type=\"widget\" data-widget_type=\"heading.default\">\n\t\t\t\t\t<h2 class=\"elementor-heading-title elementor-size-default\">\u00bfQu\u00e9 puesto le conviene?<\/h2>\t\t\t\t<\/div>\n\t\t\t\t<div class=\"elementor-element elementor-element-4a7b28c elementor-widget elementor-widget-text-editor\" data-id=\"4a7b28c\" data-element_type=\"widget\" data-e-type=\"widget\" data-widget_type=\"text-editor.default\">\n\t\t\t\t\t\t\t\t\t<p>Solicitar ahora en <a href=\"mailto:careers@prestoloans.com\">careers@prestoloans.com<\/a><br \/>Env\u00ede su curr\u00edculum vitae y el puesto que le interesa solicitar.<\/p>\t\t\t\t\t\t\t\t<\/div>\n\t\t<div class=\"elementor-element elementor-element-0eb637b e-con-full e-flex e-con e-child\" data-id=\"0eb637b\" data-element_type=\"container\" data-e-type=\"container\" data-settings=\"{&quot;background_background&quot;:&quot;classic&quot;}\">\n\t\t\t\t<div class=\"elementor-element elementor-element-db6ae2d elementor-widget elementor-widget-heading\" data-id=\"db6ae2d\" data-element_type=\"widget\" data-e-type=\"widget\" data-widget_type=\"heading.default\">\n\t\t\t\t\t<h4 class=\"elementor-heading-title elementor-size-default\">Agente de pr\u00e9stamos<\/h4>\t\t\t\t<\/div>\n\t\t\t\t<div class=\"elementor-element elementor-element-f0b8c34 elementor-widget elementor-widget-text-editor\" data-id=\"f0b8c34\" data-element_type=\"widget\" data-e-type=\"widget\" data-widget_type=\"text-editor.default\">\n\t\t\t\t\t\t\t\t\t<p>\u00a1Estamos buscando un Oficial de Pr\u00e9stamos orientado al detalle y al cliente para unirse a nuestro equipo! En este papel, usted ser\u00e1 responsable de evaluar las solicitudes de pr\u00e9stamos, el an\u00e1lisis de informes de cr\u00e9dito, y la realizaci\u00f3n de entrevistas para evaluar la solvencia de los solicitantes. Adem\u00e1s, ayudar\u00e1 con las llamadas de cobro de bajo nivel, seg\u00fan sea necesario.<\/p><p>Este puesto es ideal para personas con don de gentes, excelentes comunicadores y que se desenvuelven bien en un ambiente de equipo. Aunque se valorar\u00e1 la experiencia previa en pr\u00e9stamos y el conocimiento de veh\u00edculos de motor, estaremos encantados de ofrecer formaci\u00f3n al candidato adecuado.<\/p>\t\t\t\t\t\t\t\t<\/div>\n\t\t\t\t<div class=\"elementor-element elementor-element-85fd449 primary-btn elementor-widget elementor-widget-button\" data-id=\"85fd449\" data-element_type=\"widget\" data-e-type=\"widget\" data-widget_type=\"button.default\">\n\t\t\t\t\t\t\t\t\t\t<a class=\"elementor-button elementor-button-link elementor-size-sm\" href=\"mailto:careers@prestoloans.com\">\n\t\t\t\t\t\t<span class=\"elementor-button-content-wrapper\">\n\t\t\t\t\t\t\t\t\t<span class=\"elementor-button-text\">Solicitar ahora<\/span>\n\t\t\t\t\t<\/span>\n\t\t\t\t\t<\/a>\n\t\t\t\t\t\t\t\t<\/div>\n\t\t\t\t<\/div>\n\t\t<div class=\"elementor-element elementor-element-3f9ef34 e-con-full e-flex e-con e-child\" data-id=\"3f9ef34\" data-element_type=\"container\" data-e-type=\"container\" data-settings=\"{&quot;background_background&quot;:&quot;classic&quot;}\">\n\t\t\t\t<div class=\"elementor-element elementor-element-98272b7 elementor-widget elementor-widget-heading\" data-id=\"98272b7\" data-element_type=\"widget\" data-e-type=\"widget\" data-widget_type=\"heading.default\">\n\t\t\t\t\t<h4 class=\"elementor-heading-title elementor-size-default\">Especialista en cobros<\/h4>\t\t\t\t<\/div>\n\t\t\t\t<div class=\"elementor-element elementor-element-b6e2ec2 elementor-widget elementor-widget-text-editor\" data-id=\"b6e2ec2\" data-element_type=\"widget\" data-e-type=\"widget\" data-widget_type=\"text-editor.default\">\n\t\t\t\t\t\t\t\t\t<p>Buscamos un Especialista en Cobros motivado para gestionar cuentas de financiaci\u00f3n de autom\u00f3viles vencidas y ayudar a los clientes a encontrar soluciones para mantenerse al d\u00eda. Esta funci\u00f3n requiere un profesional proactivo y orientado al detalle que pueda equilibrar la toma de decisiones firmes con un excelente servicio al cliente, gestionar y realizar un seguimiento de las cuentas de financiaci\u00f3n de autom\u00f3viles vencidas asignadas y garantizar que todas las cuentas se gestionen de acuerdo con las pol\u00edticas de la empresa y las normas de cumplimiento.<\/p>\t\t\t\t\t\t\t\t<\/div>\n\t\t\t\t<div class=\"elementor-element elementor-element-a326771 primary-btn elementor-widget elementor-widget-button\" data-id=\"a326771\" data-element_type=\"widget\" data-e-type=\"widget\" data-widget_type=\"button.default\">\n\t\t\t\t\t\t\t\t\t\t<a class=\"elementor-button elementor-button-link elementor-size-sm\" href=\"mailto:careers@prestoloans.com\">\n\t\t\t\t\t\t<span class=\"elementor-button-content-wrapper\">\n\t\t\t\t\t\t\t\t\t<span class=\"elementor-button-text\">Solicitar ahora<\/span>\n\t\t\t\t\t<\/span>\n\t\t\t\t\t<\/a>\n\t\t\t\t\t\t\t\t<\/div>\n\t\t\t\t<\/div>\n\t\t<div class=\"elementor-element elementor-element-0f55bd1 e-con-full e-flex e-con e-child\" data-id=\"0f55bd1\" data-element_type=\"container\" data-e-type=\"container\" data-settings=\"{&quot;background_background&quot;:&quot;classic&quot;}\">\n\t\t\t\t<div class=\"elementor-element elementor-element-dd5a249 elementor-widget elementor-widget-heading\" data-id=\"dd5a249\" data-element_type=\"widget\" data-e-type=\"widget\" data-widget_type=\"heading.default\">\n\t\t\t\t\t<h4 class=\"elementor-heading-title elementor-size-default\">Director General<\/h4>\t\t\t\t<\/div>\n\t\t\t\t<div class=\"elementor-element elementor-element-2762dbe elementor-widget elementor-widget-text-editor\" data-id=\"2762dbe\" data-element_type=\"widget\" data-e-type=\"widget\" data-widget_type=\"text-editor.default\">\n\t\t\t\t\t\t\t\t\t<p>Buscamos un Director General din\u00e1mico y motivado que asuma la plena responsabilidad de las operaciones de la tienda y dirija a un equipo de alto rendimiento hacia el \u00e9xito. Este puesto requiere un profundo conocimiento de todos los aspectos del negocio, desde las ventas y las decisiones de pr\u00e9stamo hasta los cobros y la gesti\u00f3n de los empleados.<\/p><p>Como Director General, supervisar\u00e1 las operaciones diarias, garantizar\u00e1 el cumplimiento de las pol\u00edticas de la empresa e impulsar\u00e1 el crecimiento del negocio manteniendo un excelente nivel de servicio al cliente. Se trata de un puesto de liderazgo desafiante pero muy gratificante, con oportunidades de desarrollo profesional.<\/p>\t\t\t\t\t\t\t\t<\/div>\n\t\t\t\t<div class=\"elementor-element elementor-element-b750409 primary-btn elementor-widget elementor-widget-button\" data-id=\"b750409\" data-element_type=\"widget\" data-e-type=\"widget\" data-widget_type=\"button.default\">\n\t\t\t\t\t\t\t\t\t\t<a class=\"elementor-button elementor-button-link elementor-size-sm\" href=\"mailto:careers@prestoloans.com\">\n\t\t\t\t\t\t<span class=\"elementor-button-content-wrapper\">\n\t\t\t\t\t\t\t\t\t<span class=\"elementor-button-text\">Solicitar ahora<\/span>\n\t\t\t\t\t<\/span>\n\t\t\t\t\t<\/a>\n\t\t\t\t\t\t\t\t<\/div>\n\t\t\t\t<\/div>\n\t\t<div class=\"elementor-element elementor-element-6aa1ed2 e-con-full e-flex e-con e-child\" data-id=\"6aa1ed2\" data-element_type=\"container\" data-e-type=\"container\" data-settings=\"{&quot;background_background&quot;:&quot;classic&quot;}\">\n\t\t\t\t<div class=\"elementor-element elementor-element-67313b1 elementor-widget elementor-widget-heading\" data-id=\"67313b1\" data-element_type=\"widget\" data-e-type=\"widget\" data-widget_type=\"heading.default\">\n\t\t\t\t\t<h4 class=\"elementor-heading-title elementor-size-default\">Representante de atenci\u00f3n al cliente<\/h4>\t\t\t\t<\/div>\n\t\t\t\t<div class=\"elementor-element elementor-element-e635ddd elementor-widget elementor-widget-text-editor\" data-id=\"e635ddd\" data-element_type=\"widget\" data-e-type=\"widget\" data-widget_type=\"text-editor.default\">\n\t\t\t\t\t\t\t\t\tEstamos buscando un representante de atenci\u00f3n al cliente orientado al detalle y amable para ser la columna vertebral de nuestras operaciones diarias del centro de llamadas. Este puesto requiere una gran capacidad multitarea, excelentes habilidades de atenci\u00f3n al cliente, ser capaz de responder y dirigir varias l\u00edneas telef\u00f3nicas de forma eficiente y poseer un alto nivel de organizaci\u00f3n. Como primer punto de contacto para nuestros clientes, marcar\u00e1s la pauta de su experiencia con una actitud c\u00e1lida y profesional.\n\t\t\t\t\t\t\t\t<\/div>\n\t\t\t\t<div class=\"elementor-element elementor-element-fd254cf primary-btn elementor-widget elementor-widget-button\" data-id=\"fd254cf\" data-element_type=\"widget\" data-e-type=\"widget\" data-widget_type=\"button.default\">\n\t\t\t\t\t\t\t\t\t\t<a class=\"elementor-button elementor-button-link elementor-size-sm\" href=\"mailto:careers@prestoloans.com\">\n\t\t\t\t\t\t<span class=\"elementor-button-content-wrapper\">\n\t\t\t\t\t\t\t\t\t<span class=\"elementor-button-text\">Solicitar ahora<\/span>\n\t\t\t\t\t<\/span>\n\t\t\t\t\t<\/a>\n\t\t\t\t\t\t\t\t<\/div>\n\t\t\t\t<\/div>\n\t\t\t\t\t<\/div>\n\t\t\t\t<\/div>\n\t\t\t\t<\/div>","protected":false},"excerpt":{"rendered":"<p>Presto Title \u2028Loans Careers Join Our Winning Team! We\u2019re looking for amazing people like you. Enjoy flexible schedules, full benefits, [&hellip;]<\/p>\n","protected":false},"author":2,"featured_media":0,"parent":0,"menu_order":0,"comment_status":"closed","ping_status":"closed","template":"","meta":{"site-sidebar-layout":"no-sidebar","site-content-layout":"","ast-site-content-layout":"full-width-container","site-content-style":"default","site-sidebar-style":"default","ast-global-header-display":"","ast-banner-title-visibility":"","ast-main-header-display":"","ast-hfb-above-header-display":"","ast-hfb-below-header-display":"","ast-hfb-mobile-header-display":"","site-post-title":"disabled","ast-breadcrumbs-content":"","ast-featured-img":"disabled","footer-sml-layout":"","ast-disable-related-posts":"","theme-transparent-header-meta":"","adv-header-id-meta":"","stick-header-meta":"","header-above-stick-meta":"","header-main-stick-meta":"","header-below-stick-meta":"","astra-migrate-meta-layouts":"default","ast-page-background-enabled":"default","ast-page-background-meta":{"desktop":{"background-color":"var(--ast-global-color-5)","background-image":"","background-repeat":"repeat","background-position":"center center","background-size":"auto","background-attachment":"scroll","background-type":"","background-media":"","overlay-type":"","overlay-color":"","overlay-opacity":"","overlay-gradient":""},"tablet":{"background-color":"","background-image":"","background-repeat":"repeat","background-position":"center center","background-size":"auto","background-attachment":"scroll","background-type":"","background-media":"","overlay-type":"","overlay-color":"","overlay-opacity":"","overlay-gradient":""},"mobile":{"background-color":"","background-image":"","background-repeat":"repeat","background-position":"center center","background-size":"auto","background-attachment":"scroll","background-type":"","background-media":"","overlay-type":"","overlay-color":"","overlay-opacity":"","overlay-gradient":""}},"ast-content-background-meta":{"desktop":{"background-color":"var(--ast-global-color-4)","background-image":"","background-repeat":"repeat","background-position":"center center","background-size":"auto","background-attachment":"scroll","background-type":"","background-media":"","overlay-type":"","overlay-color":"","overlay-opacity":"","overlay-gradient":""},"tablet":{"background-color":"var(--ast-global-color-4)","background-image":"","background-repeat":"repeat","background-position":"center center","background-size":"auto","background-attachment":"scroll","background-type":"","background-media":"","overlay-type":"","overlay-color":"","overlay-opacity":"","overlay-gradient":""},"mobile":{"background-color":"var(--ast-global-color-4)","background-image":"","background-repeat":"repeat","background-position":"center center","background-size":"auto","background-attachment":"scroll","background-type":"","background-media":"","overlay-type":"","overlay-color":"","overlay-opacity":"","overlay-gradient":""}},"footnotes":""},"class_list":["post-211","page","type-page","status-publish","hentry"],"yoast_head":"<!-- This site is optimized with the Yoast SEO plugin v27.4 - https:\/\/yoast.com\/product\/yoast-seo-wordpress\/ -->\n<title>Title Loan Careers | Loan Jobs in AZ | Presto Title Loans<\/title>\n<meta name=\"description\" content=\"Explore our exciting career opportunities at Presto Title Loans. We\u2019re hiring loan officers, collectors, administrative staff, customer service, and more!\" \/>\n<meta name=\"robots\" content=\"index, follow, max-snippet:-1, max-image-preview:large, max-video-preview:-1\" \/>\n<link rel=\"canonical\" href=\"https:\/\/prestoloans.com\/es\/carreras\/\" \/>\n<meta property=\"og:locale\" content=\"es_MX\" \/>\n<meta property=\"og:type\" content=\"article\" \/>\n<meta property=\"og:title\" content=\"Title Loan Careers | Loan Jobs in AZ | Presto Title Loans\" \/>\n<meta property=\"og:description\" content=\"Explore our exciting career opportunities at Presto Title Loans. We\u2019re hiring loan officers, collectors, administrative staff, customer service, and more!\" \/>\n<meta property=\"og:url\" content=\"https:\/\/prestoloans.com\/es\/carreras\/\" \/>\n<meta property=\"og:site_name\" content=\"Presto Title Loans\" \/>\n<meta property=\"article:modified_time\" content=\"2025-08-19T15:28:55+00:00\" \/>\n<meta name=\"twitter:card\" content=\"summary_large_image\" \/>\n<meta name=\"twitter:label1\" content=\"Est. reading time\" \/>\n\t<meta name=\"twitter:data1\" content=\"3 minutos\" \/>\n<!-- \/ Yoast SEO plugin. -->","yoast_head_json":{"title":"Carreras de Pr\u00e9stamo de T\u00edtulo | Trabajos de Pr\u00e9stamo en AZ | Presto Title Loans","description":"Explore nuestras emocionantes oportunidades de carrera en Presto Title Loans. Estamos contratando agentes de pr\u00e9stamos, cobradores, personal administrativo, servicio al cliente, \u00a1y mucho m\u00e1s!","robots":{"index":"index","follow":"follow","max-snippet":"max-snippet:-1","max-image-preview":"max-image-preview:large","max-video-preview":"max-video-preview:-1"},"canonical":"https:\/\/prestoloans.com\/es\/carreras\/","og_locale":"es_MX","og_type":"article","og_title":"Title Loan Careers | Loan Jobs in AZ | Presto Title Loans","og_description":"Explore our exciting career opportunities at Presto Title Loans. We\u2019re hiring loan officers, collectors, administrative staff, customer service, and more!","og_url":"https:\/\/prestoloans.com\/es\/carreras\/","og_site_name":"Presto Title Loans","article_modified_time":"2025-08-19T15:28:55+00:00","twitter_card":"summary_large_image","twitter_misc":{"Est. reading time":"3 minutos"},"schema":{"@context":"https:\/\/schema.org","@graph":[{"@type":"WebPage","@id":"https:\/\/prestoloans.com\/careers\/","url":"https:\/\/prestoloans.com\/careers\/","name":"Carreras de Pr\u00e9stamo de T\u00edtulo | Trabajos de Pr\u00e9stamo en AZ | Presto Title Loans","isPartOf":{"@id":"https:\/\/prestoloans.com\/#website"},"datePublished":"2025-07-14T17:46:59+00:00","dateModified":"2025-08-19T15:28:55+00:00","description":"Explore nuestras emocionantes oportunidades de carrera en Presto Title Loans. Estamos contratando agentes de pr\u00e9stamos, cobradores, personal administrativo, servicio al cliente, \u00a1y mucho m\u00e1s!","breadcrumb":{"@id":"https:\/\/prestoloans.com\/careers\/#breadcrumb"},"inLanguage":"es","potentialAction":[{"@type":"ReadAction","target":["https:\/\/prestoloans.com\/careers\/"]}]},{"@type":"BreadcrumbList","@id":"https:\/\/prestoloans.com\/careers\/#breadcrumb","itemListElement":[{"@type":"ListItem","position":1,"name":"Home","item":"https:\/\/prestoloans.com\/"},{"@type":"ListItem","position":2,"name":"Careers"}]},{"@type":"WebSite","@id":"https:\/\/prestoloans.com\/#website","url":"https:\/\/prestoloans.com\/","name":"Presto Title Loans","description":"","potentialAction":[{"@type":"SearchAction","target":{"@type":"EntryPoint","urlTemplate":"https:\/\/prestoloans.com\/?s={search_term_string}"},"query-input":{"@type":"PropertyValueSpecification","valueRequired":true,"valueName":"search_term_string"}}],"inLanguage":"es"}]}},"featured_image_src":null,"featured_image_src_square":null,"_links":{"self":[{"href":"https:\/\/prestoloans.com\/es\/wp-json\/wp\/v2\/pages\/211","targetHints":{"allow":["GET"]}}],"collection":[{"href":"https:\/\/prestoloans.com\/es\/wp-json\/wp\/v2\/pages"}],"about":[{"href":"https:\/\/prestoloans.com\/es\/wp-json\/wp\/v2\/types\/page"}],"author":[{"embeddable":true,"href":"https:\/\/prestoloans.com\/es\/wp-json\/wp\/v2\/users\/2"}],"replies":[{"embeddable":true,"href":"https:\/\/prestoloans.com\/es\/wp-json\/wp\/v2\/comments?post=211"}],"version-history":[{"count":0,"href":"https:\/\/prestoloans.com\/es\/wp-json\/wp\/v2\/pages\/211\/revisions"}],"wp:attachment":[{"href":"https:\/\/prestoloans.com\/es\/wp-json\/wp\/v2\/media?parent=211"}],"curies":[{"name":"wp","href":"https:\/\/api.w.org\/{rel}","templated":true}]}}