{"id":216,"date":"2025-07-15T09:30:20","date_gmt":"2025-07-15T09:30:20","guid":{"rendered":"https:\/\/prestocashloan.wpenginepowered.com\/?page_id=216"},"modified":"2025-09-26T20:05:28","modified_gmt":"2025-09-26T20:05:28","slug":"lugares","status":"publish","type":"page","link":"https:\/\/prestoloans.com\/es\/locations\/","title":{"rendered":"Ubicaciones"},"content":{"rendered":"\t\t<div data-elementor-type=\"wp-page\" data-elementor-id=\"216\" class=\"elementor elementor-216\" data-elementor-post-type=\"page\">\n\t\t\t\t<div class=\"elementor-element elementor-element-91dfec0 e-flex e-con-boxed e-con e-parent\" data-id=\"91dfec0\" data-element_type=\"container\" data-e-type=\"container\">\n\t\t\t\t\t<div class=\"e-con-inner\">\n\t\t<div class=\"elementor-element elementor-element-40385b9 e-grid e-con-full e-con e-child\" data-id=\"40385b9\" data-element_type=\"container\" data-e-type=\"container\">\n\t\t<div class=\"elementor-element elementor-element-55b79ea e-con-full e-flex e-con e-child\" data-id=\"55b79ea\" data-element_type=\"container\" data-e-type=\"container\">\n\t\t\t\t<div class=\"elementor-element elementor-element-2afe31d elementor-widget__width-initial elementor-widget-mobile__width-inherit elementor-widget elementor-widget-heading\" data-id=\"2afe31d\" data-element_type=\"widget\" data-e-type=\"widget\" data-widget_type=\"heading.default\">\n\t\t\t\t\t<h1 class=\"elementor-heading-title elementor-size-default\">Title Loan Locations Across Arizona<\/h1>\t\t\t\t<\/div>\n\t\t\t\t<div class=\"elementor-element elementor-element-be6e735 elementor-widget elementor-widget-text-editor\" data-id=\"be6e735\" data-element_type=\"widget\" data-e-type=\"widget\" data-widget_type=\"text-editor.default\">\n\t\t\t\t\t\t\t\t\t<p>Need fast cash at an affordable rate? Visit one of our Presto Title Loans stores in Phoenix, Mesa, Glendale or Prescott Valley, or complete your Online Title Loan at one of our express locations Across Arizona. At Presto Title Loans, we make the process of getting a Title Loan quick and easy.<span style=\"font-style: inherit; font-weight: inherit;\">&nbsp;To get approved, all you need is a free and clear vehicle title and a government issued photo ID. We make loans to people with all types of credit, so if you\u2019re having trouble getting approved for a cash loan, we can help!<\/span><\/p>\t\t\t\t\t\t\t\t<\/div>\n\t\t\t\t<\/div>\n\t\t<div class=\"elementor-element elementor-element-e90f403 e-con-full e-flex e-con e-child\" data-id=\"e90f403\" data-element_type=\"container\" data-e-type=\"container\">\n\t\t<div class=\"elementor-element elementor-element-bb9a6b8 e-con-full e-flex e-con e-child\" data-id=\"bb9a6b8\" data-element_type=\"container\" data-e-type=\"container\" data-settings=\"{&quot;background_background&quot;:&quot;classic&quot;}\">\n\t\t\t\t<div class=\"elementor-element elementor-element-ea99757 elementor-widget elementor-widget-heading\" data-id=\"ea99757\" data-element_type=\"widget\" data-e-type=\"widget\" data-widget_type=\"heading.default\">\n\t\t\t\t\t<h4 class=\"elementor-heading-title elementor-size-default\">Apply online or stop by one&nbsp;of our locations in:\u2028<\/h4>\t\t\t\t<\/div>\n\t\t\t\t<div class=\"elementor-element elementor-element-325fea3 elementor-widget elementor-widget-text-editor\" data-id=\"325fea3\" data-element_type=\"widget\" data-e-type=\"widget\" data-widget_type=\"text-editor.default\">\n\t\t\t\t\t\t\t\t\t<ul><li><a href=\"\/phoenix\/\">Phoenix, Arizona<\/a><\/li><li><a href=\"\/mesa\/\">Mesa, Arizona<\/a><\/li><li><a href=\"\/glendale\/\">Glendale, Arizona <\/a><\/li><li><a href=\"\/prescott-valley\/\">Prescott Valley, Arizona<\/a><\/li><\/ul>\t\t\t\t\t\t\t\t<\/div>\n\t\t\t\t<\/div>\n\t\t\t\t<\/div>\n\t\t\t\t<\/div>\n\t\t\t\t\t<\/div>\n\t\t\t\t<\/div>\n\t\t<div class=\"elementor-element elementor-element-7dcb252 e-flex e-con-boxed e-con e-parent\" data-id=\"7dcb252\" data-element_type=\"container\" data-e-type=\"container\">\n\t\t\t\t\t<div class=\"e-con-inner\">\n\t\t\t\t<div class=\"elementor-element elementor-element-f155ea1 elementor-widget elementor-widget-html\" data-id=\"f155ea1\" data-element_type=\"widget\" data-e-type=\"widget\" data-widget_type=\"html.default\">\n\t\t\t\t\t<script type=\"application\/ld+json\">\n{\n  \"@context\": \"https:\/\/schema.org\",\n  \"@graph\": [\n    {\n      \"@type\": \"WebPage\",\n      \"@id\": \"https:\/\/prestoloans.com\/locations\/#webpage\",\n      \"url\": \"https:\/\/prestoloans.com\/locations\/\",\n      \"name\": \"Title Loan Locations Across Arizona\",\n      \"description\": \"Find Presto Title Loans locations in Phoenix, Mesa, Glendale, and Prescott Valley. Get fast, flexible title loans in-store or online throughout Arizona.\",\n      \"inLanguage\": \"en\",\n      \"isPartOf\": {\n        \"@type\": \"WebSite\",\n        \"@id\": \"https:\/\/prestoloans.com\/#website\",\n        \"url\": \"https:\/\/prestoloans.com\/\"\n      },\n      \"mentions\": [\n        {\n          \"@type\": \"Place\",\n          \"name\": \"Arizona\",\n          \"sameAs\": \"https:\/\/en.wikipedia.org\/wiki\/Arizona\"\n        },\n        {\n          \"@type\": \"Place\",\n          \"name\": \"Phoenix, Arizona\",\n          \"sameAs\": \"https:\/\/en.wikipedia.org\/wiki\/Phoenix,_Arizona\"\n        },\n        {\n          \"@type\": \"Place\",\n          \"name\": \"Mesa, Arizona\",\n          \"sameAs\": \"https:\/\/en.wikipedia.org\/wiki\/Mesa,_Arizona\"\n        },\n        {\n          \"@type\": \"Place\",\n          \"name\": \"Glendale, Arizona\",\n          \"sameAs\": \"https:\/\/en.wikipedia.org\/wiki\/Glendale,_Arizona\"\n        },\n        {\n          \"@type\": \"Place\",\n          \"name\": \"Prescott Valley, Arizona\",\n          \"sameAs\": \"https:\/\/en.wikipedia.org\/wiki\/Prescott_Valley,_Arizona\"\n        },\n        {\n          \"@type\": \"Place\",\n          \"name\": \"Wikidata: Arizona\",\n          \"sameAs\": \"https:\/\/www.wikidata.org\/wiki\/Q816\"\n        },\n        {\n          \"@type\": \"Place\",\n          \"name\": \"Wikidata: Phoenix\",\n          \"sameAs\": \"https:\/\/www.wikidata.org\/wiki\/Q16556\"\n        },\n        {\n          \"@type\": \"Place\",\n          \"name\": \"Wikidata: Mesa\",\n          \"sameAs\": \"https:\/\/www.wikidata.org\/wiki\/Q49261\"\n        },\n        {\n          \"@type\": \"Place\",\n          \"name\": \"Wikidata: Glendale\",\n          \"sameAs\": \"https:\/\/www.wikidata.org\/wiki\/Q51682\"\n        },\n        {\n          \"@type\": \"Place\",\n          \"name\": \"Wikidata: Prescott Valley\",\n          \"sameAs\": \"https:\/\/www.wikidata.org\/wiki\/Q374697\"\n        }\n      ],\n      \"mainEntity\": {\n        \"@type\": \"ItemList\",\n        \"name\": \"Presto Title Loan Store Locations in Arizona\",\n        \"itemListElement\": [\n          {\n            \"@type\": \"WebPage\",\n            \"name\": \"Presto Auto Title Loans - 8949 N 7th St\",\n            \"url\": \"https:\/\/prestoloans.com\/phoenix-7th-ave-dunlap-rd\/\"\n          },\n          {\n            \"@type\": \"WebPage\",\n            \"name\": \"Presto Auto Title Loans - 2641 W Indian School Rd\",\n            \"url\": \"https:\/\/prestoloans.com\/phoenix-indian-school-rd-27th-ave\/\"\n          },\n          {\n            \"@type\": \"WebPage\",\n            \"name\": \"Presto Auto Title Loans - 9140 W Thomas Rd\",\n            \"url\": \"https:\/\/prestoloans.com\/phoenix-thomas-rd-91st-ave\/\"\n          },\n          {\n            \"@type\": \"WebPage\",\n            \"name\": \"Presto Auto Title Loans - 3241 E McDowell Rd\",\n            \"url\": \"https:\/\/prestoloans.com\/phoenix-mcdowell-rd-32nd-st\/\"\n          },\n          {\n            \"@type\": \"WebPage\",\n            \"name\": \"Presto Auto Title Loans - 6070 W Bell Rd\",\n            \"url\": \"https:\/\/prestoloans.com\/glendale-bell-rd-59th-ave-rd\/\"\n          },\n          {\n            \"@type\": \"WebPage\",\n            \"name\": \"Presto Auto Title Loans - 1408 E Broadway Rd\",\n            \"url\": \"https:\/\/prestoloans.com\/mesa-broadway-rd-stapley-dr\/\"\n          },\n          {\n            \"@type\": \"WebPage\",\n            \"name\": \"Presto Auto Title Loans - 3264 N Glassford Hill Rd\",\n            \"url\": \"https:\/\/prestoloans.com\/prescott-valley-arizona\/\"\n          },\n          {\n            \"@type\": \"WebPage\",\n            \"name\": \"Presto Auto Title Loans - 1423 S Country Club Dr\",\n            \"url\": \"https:\/\/prestoloans.com\/mesa-country-club-rd-southern-ave\/\"\n          }\n        ]\n      }\n    },\n    {\n      \"@type\": \"Organization\",\n      \"@id\": \"https:\/\/prestoautoloans.com\/#organization\",\n      \"name\": \"Presto Auto Title Loans\",\n      \"url\": \"https:\/\/prestoautoloans.com\/\",\n      \"logo\": {\n        \"@type\": \"ImageObject\",\n        \"url\": \"https:\/\/prestoloans.com\/wp-content\/uploads\/2025\/07\/Presto_Dark_Friendly_Logo_2.svg\"\n      },\n      \"sameAs\": [\n        \"https:\/\/www.tiktok.com\/@prestoloans\",\n        \"https:\/\/www.instagram.com\/prestoloancenters\/\"\n      ],\n      \"areaServed\": {\n        \"@type\": \"State\",\n        \"name\": \"Arizona\",\n        \"sameAs\": \"https:\/\/en.wikipedia.org\/wiki\/Arizona\"\n      },\n      \"makesOffer\": {\n        \"@type\": \"Offer\",\n        \"itemOffered\": {\n          \"@type\": \"LoanOrCredit\",\n          \"name\": \"Auto Title Loans\",\n          \"description\": \"Flexible car title loans available throughout Arizona.\"\n        }\n      }\n    }\n  ]\n}\n<\/script>\n\t\t\t\t<\/div>\n\t\t\t\t\t<\/div>\n\t\t\t\t<\/div>\n\t\t<div class=\"elementor-element elementor-element-bf9a63d e-flex e-con-boxed e-con e-parent\" data-id=\"bf9a63d\" data-element_type=\"container\" data-e-type=\"container\">\n\t\t\t\t\t<div class=\"e-con-inner\">\n\t\t\t\t<div class=\"elementor-element elementor-element-731b03d elementor-widget elementor-widget-template\" data-id=\"731b03d\" data-element_type=\"widget\" data-e-type=\"widget\" data-widget_type=\"template.default\">\n\t\t\t\t<div class=\"elementor-widget-container\">\n\t\t\t\t\t\t\t<div class=\"elementor-template\">\n\t\t\t\t\t<div data-elementor-type=\"section\" data-elementor-id=\"147\" class=\"elementor elementor-147\" data-elementor-post-type=\"elementor_library\">\n\t\t\t<div class=\"elementor-element elementor-element-9b2e5a8 e-con-full e-flex e-con e-parent\" data-id=\"9b2e5a8\" data-element_type=\"container\" data-e-type=\"container\">\n\t\t\t\t<div class=\"elementor-element elementor-element-e13f8ea elementor-widget elementor-widget-shortcode\" data-id=\"e13f8ea\" data-element_type=\"widget\" data-e-type=\"widget\" data-widget_type=\"shortcode.default\">\n\t\t\t\t\t\t\t<div class=\"elementor-shortcode\"><!-- Elfsight Store Locator | Store Locator | Presto Loan | All -->\n<script src=\"https:\/\/static.elfsight.com\/platform\/platform.js\" async><\/script>\n<div class=\"elfsight-app-882e490d-3fd3-45aa-9280-f07afd53cd6c\" data-elfsight-app-lazy><\/div><\/div>\n\t\t\t\t\t\t<\/div>\n\t\t\t\t<\/div>\n\t\t\t\t<\/div>\n\t\t\t\t<\/div>\n\t\t\t\t\t\t<\/div>\n\t\t\t\t<\/div>\n\t\t\t\t\t<\/div>\n\t\t\t\t<\/div>\n\t\t<div class=\"elementor-element elementor-element-6a28a97 e-con-full e-flex e-con e-parent\" data-id=\"6a28a97\" data-element_type=\"container\" data-e-type=\"container\">\n\t\t\t\t<div class=\"elementor-element elementor-element-b36a213 elementor-widget elementor-widget-template\" data-id=\"b36a213\" data-element_type=\"widget\" data-e-type=\"widget\" data-widget_type=\"template.default\">\n\t\t\t\t<div class=\"elementor-widget-container\">\n\t\t\t\t\t\t\t<div class=\"elementor-template\">\n\t\t\t\t\t<div data-elementor-type=\"section\" data-elementor-id=\"86\" class=\"elementor elementor-86\" data-elementor-post-type=\"elementor_library\">\n\t\t\t<div class=\"elementor-element elementor-element-db456cc e-flex e-con-boxed e-con e-parent\" data-id=\"db456cc\" data-element_type=\"container\" data-e-type=\"container\">\n\t\t\t\t\t<div class=\"e-con-inner\">\n\t\t\t\t<div class=\"elementor-element elementor-element-d17f41f elementor-widget elementor-widget-heading\" data-id=\"d17f41f\" data-element_type=\"widget\" data-e-type=\"widget\" data-widget_type=\"heading.default\">\n\t\t\t\t\t<h2 class=\"elementor-heading-title elementor-size-default\">What Our Customers are Saying<\/h2>\t\t\t\t<\/div>\n\t\t\t\t<div class=\"elementor-element elementor-element-1d8a8c3 elementor-widget elementor-widget-shortcode\" data-id=\"1d8a8c3\" data-element_type=\"widget\" data-e-type=\"widget\" data-widget_type=\"shortcode.default\">\n\t\t\t\t\t\t\t<div class=\"elementor-shortcode\"><!-- Elfsight All-in-One Reviews | All Location Reviews | Presto Loan -->\n<script src=\"https:\/\/static.elfsight.com\/platform\/platform.js\" async><\/script>\n<div class=\"elfsight-app-af054679-279b-4798-ab92-b40d22a2d87d\" data-elfsight-app-lazy><\/div><\/div>\n\t\t\t\t\t\t<\/div>\n\t\t\t\t\t<\/div>\n\t\t\t\t<\/div>\n\t\t\t\t<\/div>\n\t\t\t\t<\/div>\n\t\t\t\t\t\t<\/div>\n\t\t\t\t<\/div>\n\t\t\t\t<\/div>\n\t\t<div class=\"elementor-element elementor-element-dc661f0 e-flex e-con-boxed e-con e-parent\" data-id=\"dc661f0\" data-element_type=\"container\" data-e-type=\"container\">\n\t\t\t\t\t<div class=\"e-con-inner\">\n\t\t\t\t<div class=\"elementor-element elementor-element-77c7923 elementor-widget elementor-widget-template\" data-id=\"77c7923\" data-element_type=\"widget\" data-e-type=\"widget\" data-widget_type=\"template.default\">\n\t\t\t\t<div class=\"elementor-widget-container\">\n\t\t\t\t\t\t\t<div class=\"elementor-template\">\n\t\t\t\t\t<div data-elementor-type=\"section\" data-elementor-id=\"84\" class=\"elementor elementor-84\" data-elementor-post-type=\"elementor_library\">\n\t\t\t<div class=\"elementor-element elementor-element-08f450f e-flex e-con-boxed e-con e-parent\" data-id=\"08f450f\" data-element_type=\"container\" data-e-type=\"container\">\n\t\t\t\t\t<div class=\"e-con-inner\">\n\t\t<div class=\"elementor-element elementor-element-bab294c e-grid e-con-full e-con e-child\" data-id=\"bab294c\" data-element_type=\"container\" data-e-type=\"container\">\n\t\t<div class=\"elementor-element elementor-element-4c9159f e-con-full e-flex e-con e-child\" data-id=\"4c9159f\" data-element_type=\"container\" data-e-type=\"container\">\n\t\t\t\t<div class=\"elementor-element elementor-element-67cf692 elementor-widget__width-initial elementor-widget elementor-widget-heading\" data-id=\"67cf692\" data-element_type=\"widget\" data-e-type=\"widget\" data-widget_type=\"heading.default\">\n\t\t\t\t\t<h2 class=\"elementor-heading-title elementor-size-default\">Flexible Options to Manage Your Account and Make Payments on Your Loan<\/h2>\t\t\t\t<\/div>\n\t\t<div class=\"elementor-element elementor-element-f1ad89b e-con-full e-flex e-con e-child\" data-id=\"f1ad89b\" data-element_type=\"container\" data-e-type=\"container\">\n\t\t\t\t<div class=\"elementor-element elementor-element-471c0fa e-transform elementor-widget elementor-widget-image\" data-id=\"471c0fa\" data-element_type=\"widget\" data-e-type=\"widget\" data-settings=\"{&quot;_transform_scale_effect_hover&quot;:{&quot;unit&quot;:&quot;px&quot;,&quot;size&quot;:1.1,&quot;sizes&quot;:[]},&quot;_transform_scale_effect_hover_tablet&quot;:{&quot;unit&quot;:&quot;px&quot;,&quot;size&quot;:&quot;&quot;,&quot;sizes&quot;:[]},&quot;_transform_scale_effect_hover_mobile&quot;:{&quot;unit&quot;:&quot;px&quot;,&quot;size&quot;:&quot;&quot;,&quot;sizes&quot;:[]}}\" data-widget_type=\"image.default\">\n\t\t\t\t\t\t\t\t\t\t\t\t\t\t\t\t<a href=\"https:\/\/apps.apple.com\/us\/app\/presto-loans-app\/id6472605041\" target=\"_blank\">\n\t\t\t\t\t\t\t<img decoding=\"async\" width=\"213\" height=\"63\" src=\"https:\/\/prestoloans.com\/wp-content\/uploads\/2025\/07\/app-store-badge-en-6-1.png\" class=\"attachment-large size-large wp-image-58\" alt=\"\" \/>\t\t\t\t\t\t\t\t<\/a>\n\t\t\t\t\t\t\t\t\t\t\t\t\t\t\t<\/div>\n\t\t\t\t<div class=\"elementor-element elementor-element-57b6c3c e-transform elementor-widget elementor-widget-image\" data-id=\"57b6c3c\" data-element_type=\"widget\" data-e-type=\"widget\" data-settings=\"{&quot;_transform_scale_effect_hover&quot;:{&quot;unit&quot;:&quot;px&quot;,&quot;size&quot;:1.1,&quot;sizes&quot;:[]},&quot;_transform_scale_effect_hover_tablet&quot;:{&quot;unit&quot;:&quot;px&quot;,&quot;size&quot;:&quot;&quot;,&quot;sizes&quot;:[]},&quot;_transform_scale_effect_hover_mobile&quot;:{&quot;unit&quot;:&quot;px&quot;,&quot;size&quot;:&quot;&quot;,&quot;sizes&quot;:[]}}\" data-widget_type=\"image.default\">\n\t\t\t\t\t\t\t\t\t\t\t\t\t\t\t\t<a href=\"https:\/\/play.google.com\/store\/apps\/details?id=com.prestoloans.app&#038;hl=en_US&#038;pli=1\" target=\"_blank\">\n\t\t\t\t\t\t\t<img decoding=\"async\" width=\"212\" height=\"63\" src=\"https:\/\/prestoloans.com\/wp-content\/uploads\/2025\/07\/google-play-badge-en-6-1.png\" class=\"attachment-large size-large wp-image-59\" alt=\"\" \/>\t\t\t\t\t\t\t\t<\/a>\n\t\t\t\t\t\t\t\t\t\t\t\t\t\t\t<\/div>\n\t\t\t\t<div class=\"elementor-element elementor-element-61ceaee e-transform elementor-widget elementor-widget-image\" data-id=\"61ceaee\" data-element_type=\"widget\" data-e-type=\"widget\" data-settings=\"{&quot;_transform_scale_effect_hover&quot;:{&quot;unit&quot;:&quot;px&quot;,&quot;size&quot;:1.1,&quot;sizes&quot;:[]},&quot;_transform_scale_effect_hover_tablet&quot;:{&quot;unit&quot;:&quot;px&quot;,&quot;size&quot;:&quot;&quot;,&quot;sizes&quot;:[]},&quot;_transform_scale_effect_hover_mobile&quot;:{&quot;unit&quot;:&quot;px&quot;,&quot;size&quot;:&quot;&quot;,&quot;sizes&quot;:[]}}\" data-widget_type=\"image.default\">\n\t\t\t\t\t\t\t\t\t\t\t\t\t\t\t\t<a href=\"https:\/\/myprestoloan.com\/login\" target=\"_blank\">\n\t\t\t\t\t\t\t<img decoding=\"async\" width=\"213\" height=\"63\" src=\"https:\/\/prestoloans.com\/wp-content\/uploads\/2025\/07\/Group-21857.png\" class=\"attachment-large size-large wp-image-55\" alt=\"\" \/>\t\t\t\t\t\t\t\t<\/a>\n\t\t\t\t\t\t\t\t\t\t\t\t\t\t\t<\/div>\n\t\t\t\t<\/div>\n\t\t\t\t<\/div>\n\t\t<div class=\"elementor-element elementor-element-649f16a e-con-full e-flex e-con e-child\" data-id=\"649f16a\" data-element_type=\"container\" data-e-type=\"container\" data-settings=\"{&quot;background_background&quot;:&quot;classic&quot;}\">\n\t\t\t\t<div class=\"elementor-element elementor-element-fa1c2ff elementor-widget elementor-widget-spacer\" data-id=\"fa1c2ff\" data-element_type=\"widget\" data-e-type=\"widget\" data-widget_type=\"spacer.default\">\n\t\t\t\t\t\t\t<div class=\"elementor-spacer\">\n\t\t\t<div class=\"elementor-spacer-inner\"><\/div>\n\t\t<\/div>\n\t\t\t\t\t\t<\/div>\n\t\t\t\t<\/div>\n\t\t\t\t<\/div>\n\t\t\t\t\t<\/div>\n\t\t\t\t<\/div>\n\t\t\t\t<\/div>\n\t\t\t\t<\/div>\n\t\t\t\t\t\t<\/div>\n\t\t\t\t<\/div>\n\t\t\t\t\t<\/div>\n\t\t\t\t<\/div>\n\t\t\t\t<\/div>\n\t\t","protected":false},"excerpt":{"rendered":"<p>Title Loan Locations Across Arizona Need fast cash at an affordable rate? Visit one of our Presto Title Loans stores [&hellip;]<\/p>\n","protected":false},"author":2,"featured_media":0,"parent":0,"menu_order":0,"comment_status":"closed","ping_status":"closed","template":"","meta":{"site-sidebar-layout":"no-sidebar","site-content-layout":"","ast-site-content-layout":"full-width-container","site-content-style":"default","site-sidebar-style":"default","ast-global-header-display":"","ast-banner-title-visibility":"","ast-main-header-display":"","ast-hfb-above-header-display":"","ast-hfb-below-header-display":"","ast-hfb-mobile-header-display":"","site-post-title":"disabled","ast-breadcrumbs-content":"","ast-featured-img":"disabled","footer-sml-layout":"","ast-disable-related-posts":"","theme-transparent-header-meta":"","adv-header-id-meta":"","stick-header-meta":"","header-above-stick-meta":"","header-main-stick-meta":"","header-below-stick-meta":"","astra-migrate-meta-layouts":"default","ast-page-background-enabled":"default","ast-page-background-meta":{"desktop":{"background-color":"var(--ast-global-color-5)","background-image":"","background-repeat":"repeat","background-position":"center center","background-size":"auto","background-attachment":"scroll","background-type":"","background-media":"","overlay-type":"","overlay-color":"","overlay-opacity":"","overlay-gradient":""},"tablet":{"background-color":"","background-image":"","background-repeat":"repeat","background-position":"center center","background-size":"auto","background-attachment":"scroll","background-type":"","background-media":"","overlay-type":"","overlay-color":"","overlay-opacity":"","overlay-gradient":""},"mobile":{"background-color":"","background-image":"","background-repeat":"repeat","background-position":"center center","background-size":"auto","background-attachment":"scroll","background-type":"","background-media":"","overlay-type":"","overlay-color":"","overlay-opacity":"","overlay-gradient":""}},"ast-content-background-meta":{"desktop":{"background-color":"var(--ast-global-color-4)","background-image":"","background-repeat":"repeat","background-position":"center center","background-size":"auto","background-attachment":"scroll","background-type":"","background-media":"","overlay-type":"","overlay-color":"","overlay-opacity":"","overlay-gradient":""},"tablet":{"background-color":"var(--ast-global-color-4)","background-image":"","background-repeat":"repeat","background-position":"center center","background-size":"auto","background-attachment":"scroll","background-type":"","background-media":"","overlay-type":"","overlay-color":"","overlay-opacity":"","overlay-gradient":""},"mobile":{"background-color":"var(--ast-global-color-4)","background-image":"","background-repeat":"repeat","background-position":"center center","background-size":"auto","background-attachment":"scroll","background-type":"","background-media":"","overlay-type":"","overlay-color":"","overlay-opacity":"","overlay-gradient":""}},"footnotes":""},"class_list":["post-216","page","type-page","status-publish","hentry"],"yoast_head":"<!-- This site is optimized with the Yoast SEO plugin v27.4 - https:\/\/yoast.com\/product\/yoast-seo-wordpress\/ -->\n<title>Locations - AZ Title Loans in Phoenix, Mesa &amp; More | Presto Loans<\/title>\n<meta name=\"description\" content=\"Presto Loan Centers offers vehicle title loans in Phoenix, Mesa, Glendale, and Prescott Valley. Find an Arizona location near you and apply today!\" \/>\n<meta name=\"robots\" content=\"index, follow, max-snippet:-1, max-image-preview:large, max-video-preview:-1\" \/>\n<link rel=\"canonical\" href=\"https:\/\/prestoloans.com\/es\/lugares\/\" \/>\n<meta property=\"og:locale\" content=\"es_MX\" \/>\n<meta property=\"og:type\" content=\"article\" \/>\n<meta property=\"og:title\" content=\"Locations - AZ Title Loans in Phoenix, Mesa &amp; More | Presto Loans\" \/>\n<meta property=\"og:description\" content=\"Presto Loan Centers offers vehicle title loans in Phoenix, Mesa, Glendale, and Prescott Valley. Find an Arizona location near you and apply today!\" \/>\n<meta property=\"og:url\" content=\"https:\/\/prestoloans.com\/es\/lugares\/\" \/>\n<meta property=\"og:site_name\" content=\"Presto Title Loans\" \/>\n<meta property=\"article:modified_time\" content=\"2025-09-26T20:05:28+00:00\" \/>\n<meta name=\"twitter:card\" content=\"summary_large_image\" \/>\n<meta name=\"twitter:label1\" content=\"Est. reading time\" \/>\n\t<meta name=\"twitter:data1\" content=\"1 minuto\" \/>\n<!-- \/ Yoast SEO plugin. -->","yoast_head_json":{"title":"Ubicaciones - AZ Title Loans en Phoenix, Mesa y M\u00e1s | Presto Loans","description":"Presto Loan Centers ofrece pr\u00e9stamos sobre el t\u00edtulo de su veh\u00edculo en Phoenix, Mesa, Glendale y Prescott Valley. \u00a1Encontrar una ubicaci\u00f3n de Arizona cerca de usted y aplicar hoy!","robots":{"index":"index","follow":"follow","max-snippet":"max-snippet:-1","max-image-preview":"max-image-preview:large","max-video-preview":"max-video-preview:-1"},"canonical":"https:\/\/prestoloans.com\/es\/lugares\/","og_locale":"es_MX","og_type":"article","og_title":"Locations - AZ Title Loans in Phoenix, Mesa & More | Presto Loans","og_description":"Presto Loan Centers offers vehicle title loans in Phoenix, Mesa, Glendale, and Prescott Valley. Find an Arizona location near you and apply today!","og_url":"https:\/\/prestoloans.com\/es\/lugares\/","og_site_name":"Presto Title Loans","article_modified_time":"2025-09-26T20:05:28+00:00","twitter_card":"summary_large_image","twitter_misc":{"Est. reading time":"1 minuto"},"schema":{"@context":"https:\/\/schema.org","@graph":[{"@type":"WebPage","@id":"https:\/\/prestoloans.com\/locations\/","url":"https:\/\/prestoloans.com\/locations\/","name":"Ubicaciones - AZ Title Loans en Phoenix, Mesa y M\u00e1s | Presto Loans","isPartOf":{"@id":"https:\/\/prestoloans.com\/#website"},"datePublished":"2025-07-15T09:30:20+00:00","dateModified":"2025-09-26T20:05:28+00:00","description":"Presto Loan Centers ofrece pr\u00e9stamos sobre el t\u00edtulo de su veh\u00edculo en Phoenix, Mesa, Glendale y Prescott Valley. \u00a1Encontrar una ubicaci\u00f3n de Arizona cerca de usted y aplicar hoy!","breadcrumb":{"@id":"https:\/\/prestoloans.com\/locations\/#breadcrumb"},"inLanguage":"es","potentialAction":[{"@type":"ReadAction","target":["https:\/\/prestoloans.com\/locations\/"]}]},{"@type":"BreadcrumbList","@id":"https:\/\/prestoloans.com\/locations\/#breadcrumb","itemListElement":[{"@type":"ListItem","position":1,"name":"Home","item":"https:\/\/prestoloans.com\/"},{"@type":"ListItem","position":2,"name":"Locations"}]},{"@type":"WebSite","@id":"https:\/\/prestoloans.com\/#website","url":"https:\/\/prestoloans.com\/","name":"Presto Title Loans","description":"","potentialAction":[{"@type":"SearchAction","target":{"@type":"EntryPoint","urlTemplate":"https:\/\/prestoloans.com\/?s={search_term_string}"},"query-input":{"@type":"PropertyValueSpecification","valueRequired":true,"valueName":"search_term_string"}}],"inLanguage":"es"}]}},"featured_image_src":null,"featured_image_src_square":null,"_links":{"self":[{"href":"https:\/\/prestoloans.com\/es\/wp-json\/wp\/v2\/pages\/216","targetHints":{"allow":["GET"]}}],"collection":[{"href":"https:\/\/prestoloans.com\/es\/wp-json\/wp\/v2\/pages"}],"about":[{"href":"https:\/\/prestoloans.com\/es\/wp-json\/wp\/v2\/types\/page"}],"author":[{"embeddable":true,"href":"https:\/\/prestoloans.com\/es\/wp-json\/wp\/v2\/users\/2"}],"replies":[{"embeddable":true,"href":"https:\/\/prestoloans.com\/es\/wp-json\/wp\/v2\/comments?post=216"}],"version-history":[{"count":0,"href":"https:\/\/prestoloans.com\/es\/wp-json\/wp\/v2\/pages\/216\/revisions"}],"wp:attachment":[{"href":"https:\/\/prestoloans.com\/es\/wp-json\/wp\/v2\/media?parent=216"}],"curies":[{"name":"wp","href":"https:\/\/api.w.org\/{rel}","templated":true}]}}