{"id":280,"date":"2025-07-28T16:02:22","date_gmt":"2025-07-28T16:02:22","guid":{"rendered":"https:\/\/prestocashloan.wpenginepowered.com\/?page_id=280"},"modified":"2025-08-19T15:39:55","modified_gmt":"2025-08-19T15:39:55","slug":"e-firmar-consentimiento","status":"publish","type":"page","link":"https:\/\/prestoloans.com\/es\/e-sign-consent\/","title":{"rendered":"Firma electr\u00f3nica de consentimiento"},"content":{"rendered":"<div data-elementor-type=\"wp-page\" data-elementor-id=\"280\" class=\"elementor elementor-280\" data-elementor-post-type=\"page\">\n\t\t\t\t<div class=\"elementor-element elementor-element-34aeabe e-flex e-con-boxed e-con e-parent\" data-id=\"34aeabe\" data-element_type=\"container\" data-e-type=\"container\" data-settings=\"{&quot;background_background&quot;:&quot;classic&quot;}\">\n\t\t\t\t\t<div class=\"e-con-inner\">\n\t\t\t\t<div class=\"elementor-element elementor-element-797d980 elementor-widget__width-initial elementor-widget elementor-widget-heading\" data-id=\"797d980\" data-element_type=\"widget\" data-e-type=\"widget\" data-widget_type=\"heading.default\">\n\t\t\t\t\t<h1 class=\"elementor-heading-title elementor-size-default\">Firma electr\u00f3nica de consentimiento<\/h1>\t\t\t\t<\/div>\n\t\t\t\t<div class=\"elementor-element elementor-element-75fe727 elementor-widget elementor-widget-heading\" data-id=\"75fe727\" data-element_type=\"widget\" data-e-type=\"widget\" data-widget_type=\"heading.default\">\n\t\t\t\t\t<h3 class=\"elementor-heading-title elementor-size-default\">Presto Loan Centers, LLC.<\/h3>\t\t\t\t<\/div>\n\t\t\t\t<div class=\"elementor-element elementor-element-9be2d39 elementor-widget elementor-widget-text-editor\" data-id=\"9be2d39\" data-element_type=\"widget\" data-e-type=\"widget\" data-widget_type=\"text-editor.default\">\n\t\t\t\t\t\t\t\t\t<p>ACUERDO DE CONSENTIMIENTO DE FIRMA ELECTR\u00d3NICA<\/p><p><strong>LEA ATENTAMENTE ESTE ACUERDO DE CONSENTIMIENTO DE FIRMA ELECTR\u00d3NICA; CONTIENE INFORMACI\u00d3N IMPORTANTE SOBRE SUS DERECHOS LEGALES.<\/strong>\u00a0Le sugerimos que imprima o descargue una copia para sus archivos. Si desea consultar este documento en cualquier momento, puede hacerlo visitando nuestro sitio web y haciendo clic en el enlace E-SIGN Consent que se encuentra en la parte inferior de la p\u00e1gina de inicio.<\/p><p>Este Acuerdo de Consentimiento E-SIGN (\"Acuerdo E-SIGN\") nos permite proporcionarle versiones electr\u00f3nicas de avisos y documentos importantes relacionados con la solicitud y apertura de una cuenta con Presto. Ciertas leyes y reglamentos nos obligan a proporcionarle notificaciones y divulgaciones \"por escrito\" (lo que tradicionalmente se define como una notificaci\u00f3n en papel); con su consentimiento, la Ley E-SIGN nos permite proporcionarle estos documentos electr\u00f3nicamente.<\/p><p><strong>1. 1. Definiciones.<\/strong><\/p><p>Las palabras \"Presto\" o \"nosotros\", \"nos\" y \"nuestro\" significan Presto Loan Centers, LLC, sus filiales y subsidiarias.<\/p><p>Las palabras \"usted\" y \"su\" significan la persona que da este consentimiento, y tambi\u00e9n cada titular de cuenta adicional, firmante autorizado o representante autorizado identificado en cualquier Producto Presto que solicite, utilice o al que acceda.<\/p><p>\"Producto Presto\" significa cualquier cuenta, producto o servicio que ofrezcamos y que usted solicite, utilice o al que acceda, ya sea ahora o en el futuro.<\/p><p>\"Comunicaci\u00f3n\" se refiere a cualquier acuerdo, autorizaci\u00f3n, divulgaci\u00f3n, notificaci\u00f3n u otra informaci\u00f3n relacionada con cualquier cuenta, producto o servicio que ofrezcamos y que usted solicite, utilice o al que tenga acceso.<\/p><p><strong>2. \u00c1mbito de aplicaci\u00f3n del presente acuerdo.<\/strong>\u00a0Usted acepta que le proporcionemos cualquier Comunicaci\u00f3n en formato electr\u00f3nico, y que dejemos de enviarle Comunicaciones en papel, a menos y hasta que usted retire su consentimiento tal y como se describe a continuaci\u00f3n. Su consentimiento no significa que debamos proporcionarle los documentos electr\u00f3nicamente, sino que podemos entregarle algunos o todos esos documentos electr\u00f3nicamente.<\/p><p>Su consentimiento para recibir Comunicaciones electr\u00f3nicas incluye, pero no se limita a:<\/p><ul><li>Informaci\u00f3n y avisos legales y reglamentarios relacionados con cualquier producto Presto que solicite, utilice o al que acceda.<\/li><li>Informaci\u00f3n inicial, avisos y t\u00e9rminos y condiciones relacionados con la solicitud o apertura de una cuenta en Presto.<\/li><li>Pol\u00edticas y avisos de privacidad<\/li><\/ul><p><strong>3. M\u00e9todo para enviarle comunicaciones en formato electr\u00f3nico.<\/strong>\u00a0Todas las Comunicaciones que le proporcionemos en formato electr\u00f3nico se har\u00e1n (1) por correo electr\u00f3nico, o (2) accediendo a nuestro sitio web.<\/p><p><strong>4. C\u00f3mo retirar el consentimiento.<\/strong>\u00a0Puede retirar su consentimiento para recibir comunicaciones en formato electr\u00f3nico en cualquier momento. Para retirar su consentimiento, puede enviarnos un correo electr\u00f3nico a\u00a0<a href=\"mailto:customerservice@prestoloanscenters.com\">optout@prestoloans.com<\/a>\u00a0o p\u00f3ngase en contacto con nosotros por tel\u00e9fono en\u00a0<a href=\"tel:6022772000\">(602) 249-5618<\/a>. La retirada de su consentimiento se har\u00e1 efectiva despu\u00e9s de que hayamos tenido una oportunidad razonable de actuar en consecuencia.<\/p><p><strong>5. C\u00f3mo actualizar su informaci\u00f3n de contacto.<\/strong>\u00a0Es su responsabilidad proporcionarnos una direcci\u00f3n de correo electr\u00f3nico v\u00e1lida para que podamos ponernos en contacto con usted en relaci\u00f3n con su cuenta. Usted se compromete a mantener una direcci\u00f3n de correo electr\u00f3nico v\u00e1lida y a notificarnos inmediatamente cualquier cambio en la misma. Puede actualizar su direcci\u00f3n de correo electr\u00f3nico poni\u00e9ndose en contacto con nosotros a trav\u00e9s de la siguiente direcci\u00f3n de correo electr\u00f3nico\u00a0<a href=\"mailto:customerservice@prestoloancenters.com\">customerservice@prestoloans.com<\/a>\u00a0o por tel\u00e9fono en\u00a0<a href=\"tel:6022772000\">(602) 277-2000<\/a>.<\/p><p><strong>6. Hardware y software que necesitar\u00e1s.<\/strong>\u00a0Para acceder, ver y conservar las Comunicaciones electr\u00f3nicas que ponemos a su disposici\u00f3n, debe tener:<\/p><ul><li>un navegador de Internet compatible: Internet Explorer, Mozilla FireFox, Chrome o Safari;<\/li><li>un programa que lea y muestre con precisi\u00f3n archivos PDF (como Adobe Acrobat Reader);<\/li><li>una cuenta de correo electr\u00f3nico; y<\/li><li>un ordenador personal, un sistema operativo y una conexi\u00f3n de telecomunicaciones a Internet capaces de recibir, acceder, visualizar e imprimir o almacenar las Comunicaciones recibidas de nosotros en formato electr\u00f3nico a trav\u00e9s de un correo electr\u00f3nico con formato de texto plano o mediante el acceso a nuestro sitio web utilizando uno de los navegadores especificados anteriormente.<\/li><\/ul><p><strong>7. Cambios en los requisitos de hardware o software.<\/strong>\u00a0Le notificaremos si cambian nuestros requisitos de hardware o software, y si dicho cambio crea un riesgo material de que usted no pueda acceder o conservar las Comunicaciones electr\u00f3nicas que le proporcionamos y\/o ponemos a su disposici\u00f3n. El hecho de seguir utilizando cualquier Producto Presto despu\u00e9s de recibir la notificaci\u00f3n del cambio supone la reafirmaci\u00f3n de su consentimiento.<\/p><p><strong>8. Solicitar copias en papel.<\/strong>\u00a0Puede obtener una copia en papel de una comunicaci\u00f3n electr\u00f3nica imprimi\u00e9ndola usted mismo o solicitando que le enviemos por correo una copia en papel, siempre que dicha solicitud se realice en un plazo razonable despu\u00e9s de que le hayamos proporcionado por primera vez la comunicaci\u00f3n electr\u00f3nica. Para solicitar una copia en papel, p\u00f3ngase en contacto con nosotros por correo electr\u00f3nico en la direcci\u00f3n\u00a0<a href=\"mailto:customerservice@prestoloancenters.com\">customerservice@prestoloans.com<\/a>\u00a0o por tel\u00e9fono en\u00a0<a href=\"tel:6022772000\">(602) 277-2000<\/a>. Es posible que tenga que pagar una tasa por la copia en papel, a menos que el cobro de una tasa est\u00e9 prohibido por la legislaci\u00f3n aplicable. Consulte el acuerdo aplicable para conocer las tarifas aplicables a las copias en papel. Siempre podemos, a nuestra discreci\u00f3n, proporcionarle cualquier comunicaci\u00f3n por escrito, incluso si ha elegido recibirla electr\u00f3nicamente.<\/p><p><strong>9. Ley Federal.<\/strong>\u00a0Usted reconoce y acepta que su consentimiento a las Comunicaciones electr\u00f3nicas se est\u00e1 proporcionando en relaci\u00f3n con una transacci\u00f3n que afecta al comercio interestatal que est\u00e1 sujeta a la Ley federal de Firmas Electr\u00f3nicas en el Comercio Global y Nacional, y que tanto usted como nosotros pretendemos que la Ley se aplique en la mayor medida posible para validar nuestra capacidad de realizar negocios con usted por medios electr\u00f3nicos.<\/p><p><strong>10. Terminaci\u00f3n\/cambios.<\/strong>\u00a0Nos reservamos el derecho, a nuestra entera discreci\u00f3n, de interrumpir el suministro de sus Comunicaciones electr\u00f3nicas, o de rescindir o modificar los t\u00e9rminos y condiciones en los que proporcionamos las Comunicaciones electr\u00f3nicas. Le notificaremos cualquier rescisi\u00f3n o modificaci\u00f3n en la forma prevista por la ley.<\/p>\t\t\t\t\t\t\t\t<\/div>\n\t\t\t\t\t<\/div>\n\t\t\t\t<\/div>\n\t\t\t\t<\/div>","protected":false},"excerpt":{"rendered":"<p>E-Sign Consent Presto Loan Centers, LLC. E-SIGN CONSENT AGREEMENT PLEASE READ THIS E-SIGN CONSENT AGREEMENT CAREFULLY; IT CONTAINS IMPORTANT INFORMATION [&hellip;]<\/p>\n","protected":false},"author":2,"featured_media":0,"parent":0,"menu_order":0,"comment_status":"closed","ping_status":"closed","template":"","meta":{"site-sidebar-layout":"no-sidebar","site-content-layout":"","ast-site-content-layout":"full-width-container","site-content-style":"default","site-sidebar-style":"default","ast-global-header-display":"","ast-banner-title-visibility":"","ast-main-header-display":"","ast-hfb-above-header-display":"","ast-hfb-below-header-display":"","ast-hfb-mobile-header-display":"","site-post-title":"disabled","ast-breadcrumbs-content":"","ast-featured-img":"disabled","footer-sml-layout":"","ast-disable-related-posts":"","theme-transparent-header-meta":"","adv-header-id-meta":"","stick-header-meta":"","header-above-stick-meta":"","header-main-stick-meta":"","header-below-stick-meta":"","astra-migrate-meta-layouts":"default","ast-page-background-enabled":"default","ast-page-background-meta":{"desktop":{"background-color":"var(--ast-global-color-5)","background-image":"","background-repeat":"repeat","background-position":"center center","background-size":"auto","background-attachment":"scroll","background-type":"","background-media":"","overlay-type":"","overlay-color":"","overlay-opacity":"","overlay-gradient":""},"tablet":{"background-color":"","background-image":"","background-repeat":"repeat","background-position":"center center","background-size":"auto","background-attachment":"scroll","background-type":"","background-media":"","overlay-type":"","overlay-color":"","overlay-opacity":"","overlay-gradient":""},"mobile":{"background-color":"","background-image":"","background-repeat":"repeat","background-position":"center center","background-size":"auto","background-attachment":"scroll","background-type":"","background-media":"","overlay-type":"","overlay-color":"","overlay-opacity":"","overlay-gradient":""}},"ast-content-background-meta":{"desktop":{"background-color":"var(--ast-global-color-4)","background-image":"","background-repeat":"repeat","background-position":"center center","background-size":"auto","background-attachment":"scroll","background-type":"","background-media":"","overlay-type":"","overlay-color":"","overlay-opacity":"","overlay-gradient":""},"tablet":{"background-color":"var(--ast-global-color-4)","background-image":"","background-repeat":"repeat","background-position":"center center","background-size":"auto","background-attachment":"scroll","background-type":"","background-media":"","overlay-type":"","overlay-color":"","overlay-opacity":"","overlay-gradient":""},"mobile":{"background-color":"var(--ast-global-color-4)","background-image":"","background-repeat":"repeat","background-position":"center center","background-size":"auto","background-attachment":"scroll","background-type":"","background-media":"","overlay-type":"","overlay-color":"","overlay-opacity":"","overlay-gradient":""}},"footnotes":""},"class_list":["post-280","page","type-page","status-publish","hentry"],"yoast_head":"<!-- This site is optimized with the Yoast SEO plugin v27.5 - https:\/\/yoast.com\/product\/yoast-seo-wordpress\/ -->\n<title>E-Sign Consent Agreement | Digital Consent | Presto Loans<\/title>\n<meta name=\"description\" content=\"Read Presto&#039;s E-Sign Consent Agreement to understand your rights, electronic communication delivery, and options for accessing or requesting paper copies.\" \/>\n<meta name=\"robots\" content=\"index, follow, max-snippet:-1, max-image-preview:large, max-video-preview:-1\" \/>\n<link rel=\"canonical\" href=\"https:\/\/prestoloans.com\/es\/e-firmar-consentimiento\/\" \/>\n<meta property=\"og:locale\" content=\"es_MX\" \/>\n<meta property=\"og:type\" content=\"article\" \/>\n<meta property=\"og:title\" content=\"E-Sign Consent Agreement | Digital Consent | Presto Loans\" \/>\n<meta property=\"og:description\" content=\"Read Presto&#039;s E-Sign Consent Agreement to understand your rights, electronic communication delivery, and options for accessing or requesting paper copies.\" \/>\n<meta property=\"og:url\" content=\"https:\/\/prestoloans.com\/es\/e-firmar-consentimiento\/\" \/>\n<meta property=\"og:site_name\" content=\"Presto Title Loans\" \/>\n<meta property=\"article:modified_time\" content=\"2025-08-19T15:39:55+00:00\" \/>\n<meta name=\"twitter:card\" content=\"summary_large_image\" \/>\n<meta name=\"twitter:label1\" content=\"Est. reading time\" \/>\n\t<meta name=\"twitter:data1\" content=\"4 minutos\" \/>\n<!-- \/ Yoast SEO plugin. -->","yoast_head_json":{"title":"E-Sign Consent Agreement | Consentimiento Digital | Presto Loans","description":"Lea el Acuerdo de consentimiento de firma electr\u00f3nica de Presto para conocer sus derechos, la entrega de comunicaciones electr\u00f3nicas y las opciones para acceder o solicitar copias en papel.","robots":{"index":"index","follow":"follow","max-snippet":"max-snippet:-1","max-image-preview":"max-image-preview:large","max-video-preview":"max-video-preview:-1"},"canonical":"https:\/\/prestoloans.com\/es\/e-firmar-consentimiento\/","og_locale":"es_MX","og_type":"article","og_title":"E-Sign Consent Agreement | Digital Consent | Presto Loans","og_description":"Read Presto's E-Sign Consent Agreement to understand your rights, electronic communication delivery, and options for accessing or requesting paper copies.","og_url":"https:\/\/prestoloans.com\/es\/e-firmar-consentimiento\/","og_site_name":"Presto Title Loans","article_modified_time":"2025-08-19T15:39:55+00:00","twitter_card":"summary_large_image","twitter_misc":{"Est. reading time":"4 minutos"},"schema":{"@context":"https:\/\/schema.org","@graph":[{"@type":"WebPage","@id":"https:\/\/prestoloans.com\/e-sign-consent\/","url":"https:\/\/prestoloans.com\/e-sign-consent\/","name":"E-Sign Consent Agreement | Consentimiento Digital | Presto Loans","isPartOf":{"@id":"https:\/\/prestoloans.com\/#website"},"datePublished":"2025-07-28T16:02:22+00:00","dateModified":"2025-08-19T15:39:55+00:00","description":"Lea el Acuerdo de consentimiento de firma electr\u00f3nica de Presto para conocer sus derechos, la entrega de comunicaciones electr\u00f3nicas y las opciones para acceder o solicitar copias en papel.","breadcrumb":{"@id":"https:\/\/prestoloans.com\/e-sign-consent\/#breadcrumb"},"inLanguage":"es","potentialAction":[{"@type":"ReadAction","target":["https:\/\/prestoloans.com\/e-sign-consent\/"]}]},{"@type":"BreadcrumbList","@id":"https:\/\/prestoloans.com\/e-sign-consent\/#breadcrumb","itemListElement":[{"@type":"ListItem","position":1,"name":"Home","item":"https:\/\/prestoloans.com\/"},{"@type":"ListItem","position":2,"name":"E-Sign Consent"}]},{"@type":"WebSite","@id":"https:\/\/prestoloans.com\/#website","url":"https:\/\/prestoloans.com\/","name":"Presto Title Loans","description":"","potentialAction":[{"@type":"SearchAction","target":{"@type":"EntryPoint","urlTemplate":"https:\/\/prestoloans.com\/?s={search_term_string}"},"query-input":{"@type":"PropertyValueSpecification","valueRequired":true,"valueName":"search_term_string"}}],"inLanguage":"es"}]}},"featured_image_src":null,"featured_image_src_square":null,"_links":{"self":[{"href":"https:\/\/prestoloans.com\/es\/wp-json\/wp\/v2\/pages\/280","targetHints":{"allow":["GET"]}}],"collection":[{"href":"https:\/\/prestoloans.com\/es\/wp-json\/wp\/v2\/pages"}],"about":[{"href":"https:\/\/prestoloans.com\/es\/wp-json\/wp\/v2\/types\/page"}],"author":[{"embeddable":true,"href":"https:\/\/prestoloans.com\/es\/wp-json\/wp\/v2\/users\/2"}],"replies":[{"embeddable":true,"href":"https:\/\/prestoloans.com\/es\/wp-json\/wp\/v2\/comments?post=280"}],"version-history":[{"count":0,"href":"https:\/\/prestoloans.com\/es\/wp-json\/wp\/v2\/pages\/280\/revisions"}],"wp:attachment":[{"href":"https:\/\/prestoloans.com\/es\/wp-json\/wp\/v2\/media?parent=280"}],"curies":[{"name":"wp","href":"https:\/\/api.w.org\/{rel}","templated":true}]}}