{"id":281,"date":"2025-07-28T16:03:49","date_gmt":"2025-07-28T16:03:49","guid":{"rendered":"https:\/\/prestocashloan.wpenginepowered.com\/?page_id=281"},"modified":"2025-08-19T15:40:08","modified_gmt":"2025-08-19T15:40:08","slug":"condiciones-de-uso","status":"publish","type":"page","link":"https:\/\/prestoloans.com\/es\/terms-of-use\/","title":{"rendered":"Condiciones de uso"},"content":{"rendered":"<div data-elementor-type=\"wp-page\" data-elementor-id=\"281\" class=\"elementor elementor-281\" data-elementor-post-type=\"page\">\n\t\t\t\t<div class=\"elementor-element elementor-element-34aeabe e-flex e-con-boxed e-con e-parent\" data-id=\"34aeabe\" data-element_type=\"container\" data-e-type=\"container\" data-settings=\"{&quot;background_background&quot;:&quot;classic&quot;}\">\n\t\t\t\t\t<div class=\"e-con-inner\">\n\t\t\t\t<div class=\"elementor-element elementor-element-797d980 elementor-widget__width-initial elementor-widget elementor-widget-heading\" data-id=\"797d980\" data-element_type=\"widget\" data-e-type=\"widget\" data-widget_type=\"heading.default\">\n\t\t\t\t\t<h1 class=\"elementor-heading-title elementor-size-default\">Condiciones de uso<\/h1>\t\t\t\t<\/div>\n\t\t\t\t<div class=\"elementor-element elementor-element-75fe727 elementor-widget elementor-widget-heading\" data-id=\"75fe727\" data-element_type=\"widget\" data-e-type=\"widget\" data-widget_type=\"heading.default\">\n\t\t\t\t\t<h3 class=\"elementor-heading-title elementor-size-default\">Presto Loan Centers, LLC.<\/h3>\t\t\t\t<\/div>\n\t\t\t\t<div class=\"elementor-element elementor-element-9be2d39 elementor-widget elementor-widget-text-editor\" data-id=\"9be2d39\" data-element_type=\"widget\" data-e-type=\"widget\" data-widget_type=\"text-editor.default\">\n\t\t\t\t\t\t\t\t\t<p>LEA ATENTAMENTE ESTAS CONDICIONES DE USO. AL ACCEDER O UTILIZAR ESTE SITIO WEB O AL SOLICITAR UN PRODUCTO O SERVICIO DE PRESTO, USTED ACEPTA QUEDAR VINCULADO POR ESTAS CONDICIONES DE USO. SI NO EST\u00c1 DE ACUERDO CON ESTAS CONDICIONES DE USO, DEBE DEJAR DE UTILIZAR ESTE SITIO WEB AHORA MISMO.<\/p><p>Bienvenido a Prestoautoloans.com (el \"Sitio\"). Presto Loan Centers, LLC, sus subsidiarias y afiliadas (colectivamente, \"Presto\", \"nosotros\", \"nos\" o \"nuestro\") operan este Sitio con el fin de proporcionar informaci\u00f3n sobre y\/o entregar productos y servicios que ofrecemos, incluyendo detalles sobre elegibilidad de pr\u00e9stamos y pol\u00edticas de pr\u00e9stamos. Su uso y acceso a este Sitio se rige por los t\u00e9rminos y condiciones contenidos en estas Condiciones de uso.<\/p><p><strong>Disponibilidad de servicios<\/strong><\/p><p>No todos los productos y servicios descritos en nuestro Sitio est\u00e1n disponibles en todos los Estados. Adem\u00e1s, las condiciones de los productos y servicios difieren seg\u00fan el Estado. Su lugar de residencia puede limitar su acceso a determinados productos y servicios. A nuestra entera discreci\u00f3n, determinamos los requisitos de elegibilidad, incluidos los requisitos de residencia, para cualquier producto o servicio que ofrecemos.<\/p><p>Nuestra descripci\u00f3n de los productos y servicios, incluidos, en su caso, los intereses, comisiones y gastos, puede cambiar sin previo aviso. La informaci\u00f3n de descripci\u00f3n general de este Sitio no constituye una oferta legal vinculante, y cada producto o servicio sigue estando sujeto a nuestros requisitos de suscripci\u00f3n y elegibilidad. No es nuestra intenci\u00f3n que este Sitio y\/o cualquiera de los productos, servicios o informaci\u00f3n descritos o proporcionados en el mismo sean obtenidos o utilizados por cualquier persona en cualquier jurisdicci\u00f3n en la que dicha distribuci\u00f3n, disponibilidad o uso infrinja la legislaci\u00f3n aplicable.<\/p><p><strong>Usuarios de otros Estados<\/strong><\/p><p>En la actualidad, los productos y servicios de Presto s\u00f3lo est\u00e1n disponibles para personas residentes en Arizona. No garantizamos que los documentos, p\u00e1ginas, im\u00e1genes u otros materiales o contenidos de este sitio sean apropiados o est\u00e9n disponibles para su uso en jurisdicciones fuera de Arizona.<\/p><p><strong>Solicitudes de pr\u00e9stamo<\/strong><\/p><p>Al solicitar un pr\u00e9stamo en este Sitio, usted se compromete a facilitar informaci\u00f3n actual, completa y exacta sobre s\u00ed mismo. Si la informaci\u00f3n que nos facilita es falsa, inexacta, no est\u00e1 actualizada o es incompleta, podremos anular su solicitud y negarnos a ofrecerle productos y servicios en el futuro. Las solicitudes de pr\u00e9stamo deben cumplir los requisitos de elegibilidad descritos en nuestras pol\u00edticas.<\/p><p><strong>Consentimiento para ser contactado por tel\u00e9fono, correo electr\u00f3nico o correo postal<\/strong><\/p><p>Al enviarnos su informaci\u00f3n de contacto, consiente expresamente que nos pongamos en contacto con usted por tel\u00e9fono, correo electr\u00f3nico o correo postal.\u00a0<em>aunque haya optado por inscribirse en la lista nacional de no llamar administrada por la Comisi\u00f3n Federal de Comercio, en cualquier lista estatal equivalente de no llamar o en la lista de no llamar de cualquier instituci\u00f3n espec\u00edfica.<\/em>.<\/p><p>De vez en cuando, es posible que necesitemos o deseemos ponernos en contacto con usted en relaci\u00f3n con su cuenta o con cualquier pr\u00e9stamo para el que haya iniciado o completado el proceso de solicitud. Al obtener un pr\u00e9stamo de Presto o iniciar una solicitud en este Sitio para cualquier pr\u00e9stamo o servicio, usted da su consentimiento para que nos pongamos en contacto con usted a trav\u00e9s de notificaciones escritas, correo electr\u00f3nico, mensajes de texto o tel\u00e9fono, y, en relaci\u00f3n con dichas llamadas telef\u00f3nicas, usted da su consentimiento para el uso de mensajes de voz pregrabados\/artificiales y\/o dispositivos de marcaci\u00f3n autom\u00e1tica, en cualquier n\u00famero de tel\u00e9fono asociado con su cuenta de Presto o solicitud de pr\u00e9stamo, incluidos los n\u00fameros de tel\u00e9fono m\u00f3vil que podr\u00edan resultar en cargos para usted, o en cualquier direcci\u00f3n de correo electr\u00f3nico o direcci\u00f3n postal que tengamos de usted en nuestros registros o de otras bases de datos p\u00fablicas y no p\u00fablicas a las que podamos acceder legalmente. Tambi\u00e9n podemos ponernos en contacto con otras personas que puedan proporcionarnos informaci\u00f3n actualizada sobre su empleo, ubicaci\u00f3n y contacto.<\/p><p>**Condiciones de mensajer\u00eda**<\/p><p>**Al suscribirse a nuestro servicio de mensajer\u00eda de texto, acepta recibir mensajes autom\u00e1ticos recurrentes de Presto. La frecuencia de los mensajes puede variar. Su n\u00famero de tel\u00e9fono no se compartir\u00e1 con terceros con fines promocionales o de marketing. La frecuencia de los mensajes var\u00eda. Responda AYUDA para obtener ayuda. Responda STOP para parar. Pueden aplicarse tarifas de mensajes y datos.\u00a0<a href=\"\/es\/politica-de-privacidad\/\">Pol\u00edtica de privacidad<\/a>\u00a0&amp;\u00a0<a href=\"\/es\/condiciones-de-uso\/\">T\u00e9rminos<\/a>**<\/p><p><strong>Propiedad intelectual<\/strong><\/p><p>Este Sitio, el contenido, cualquier material descargado y toda la propiedad intelectual relativa a este Sitio o contenida en \u00e9l (incluidos, entre otros, derechos de autor, patentes, derechos sobre bases de datos, gr\u00e1ficos, dise\u00f1os, textos, logotipos, imagen comercial, marcas comerciales y marcas de servicio) son propiedad de Presto o de terceros; todos los derechos, t\u00edtulos e intereses sobre los mismos seguir\u00e1n siendo propiedad de Presto y\/o de dicho tercero propietario, seg\u00fan corresponda.<\/p><p>Usted est\u00e1 autorizado \u00fanicamente a ver y conservar una copia de las p\u00e1ginas de este sitio para su uso personal y no comercial. Tambi\u00e9n puede ver y hacer copias de los documentos, p\u00e1ginas, im\u00e1genes u otros materiales relevantes de este Sitio con el fin de realizar transacciones comerciales con Presto. Usted acepta que no duplicar\u00e1, publicar\u00e1, modificar\u00e1, crear\u00e1 obras derivadas, participar\u00e1 en la transferencia, publicar\u00e1 en la World Wide Web, ni distribuir\u00e1 o explotar\u00e1 de ning\u00fan modo este sitio, ni ninguna parte del mismo, para ning\u00fan uso p\u00fablico o comercial sin el consentimiento expreso por escrito de Presto.<\/p><p><strong>Sin garant\u00eda<\/strong><\/p><p>La informaci\u00f3n contenida en este Sitio se proporciona \"tal cual\" y \"seg\u00fan disponibilidad\". No garantizamos la exactitud, adecuaci\u00f3n o integridad de la informaci\u00f3n aqu\u00ed proporcionada y declinamos expresamente toda responsabilidad por cualquier error u omisi\u00f3n en dicha informaci\u00f3n. No se ofrece garant\u00eda de ning\u00fan tipo, impl\u00edcita, expresa o legal, incluidas, entre otras, las garant\u00edas de no infracci\u00f3n de derechos de terceros, titularidad, comerciabilidad, idoneidad para un fin determinado y ausencia de virus inform\u00e1ticos, en relaci\u00f3n con la informaci\u00f3n.<\/p><p><strong>Limitaci\u00f3n de responsabilidad<\/strong><\/p><p>Usted acepta que todo acceso y uso de este Sitio y de sus contenidos corre por su cuenta y riesgo. En ning\u00fan caso seremos responsables de ning\u00fan da\u00f1o, incluyendo sin limitaci\u00f3n da\u00f1os directos o indirectos, especiales, incidentales o consecuentes, p\u00e9rdidas o gastos que surjan en relaci\u00f3n con este Sitio o cualquier sitio vinculado o su uso o imposibilidad de uso por cualquier parte, o en relaci\u00f3n con cualquier fallo de rendimiento, error, omisi\u00f3n, interrupci\u00f3n, defecto, retraso en la operaci\u00f3n o transmisi\u00f3n, virus inform\u00e1tico o fallo de l\u00ednea o sistema, incluso si Presto o nuestros representantes son advertidos de la posibilidad de tales da\u00f1os, p\u00e9rdidas o gastos.<\/p><p><strong>Enlaces de terceros<\/strong><\/p><p>Este sitio puede contener enlaces a sitios web controlados u ofrecidos por terceros (no afiliados a Presto). Dichos sitios web pueden tener condiciones de uso, pol\u00edticas de privacidad o pr\u00e1cticas de seguridad diferentes de las de Presto. No nos hacemos responsables del contenido de estos sitios web y no respaldamos ni recomendamos ning\u00fan producto o servicio ofrecido o informaci\u00f3n contenida en dichos sitios web. Usted los consulta por su cuenta y riesgo.<\/p><p><strong>Este sitio no est\u00e1 dirigido a menores<\/strong><\/p><p>Este Sitio no est\u00e1 dirigido a menores de 18 a\u00f1os. Adem\u00e1s, los productos y servicios ofrecidos a trav\u00e9s de este Sitio no est\u00e1n disponibles para menores de 18 a\u00f1os. Por ello, no recopilamos conscientemente informaci\u00f3n personal identificable de dichos menores. Si usted es menor de 18 a\u00f1os, por favor, no proporcione ninguna informaci\u00f3n de identificaci\u00f3n personal al utilizar este Sitio.<\/p><p><strong>Condiciones adicionales<\/strong><\/p><p>Ciertas secciones o p\u00e1ginas de este Sitio pueden contener t\u00e9rminos y condiciones adicionales. En caso de conflicto, los t\u00e9rminos y condiciones adicionales regir\u00e1n para dichas secciones o p\u00e1ginas. Estas Condiciones de uso no alteran en modo alguno los t\u00e9rminos o condiciones de cualquier otro acuerdo que usted pueda tener con Presto para productos y servicios financieros o de otro tipo. En caso de conflicto entre estas Condiciones de uso y cualquier otro acuerdo que pueda tener con nosotros, prevalecer\u00e1n los t\u00e9rminos del otro acuerdo. Sin limitar la generalidad de la declaraci\u00f3n anterior, cualquier disputa relacionada con un pr\u00e9stamo de Presto estar\u00e1 sujeta a resoluci\u00f3n por arbitraje exclusivamente a petici\u00f3n de cualquiera de las partes y de conformidad con el acuerdo de pr\u00e9stamo aplicable.<\/p><p><strong>Derecho aplicable<\/strong><\/p><p>El uso de este sitio se rige por todas las leyes federales y estatales aplicables. Las oficinas corporativas de Presto se encuentran en el Estado de Arizona. Los tribunales del condado de Maricopa tienen jurisdicci\u00f3n general y ser\u00e1n el lugar exclusivo para litigar las disputas que surjan de estas Condiciones de uso.<\/p><p><strong>Revisiones de estas Condiciones de uso<\/strong><\/p><p>Podemos actualizar y revisar estas Condiciones de uso en cualquier momento sin previo aviso. Puede determinar si estas Condiciones de uso han sido revisadas desde su \u00faltima visita consultando la fecha de \"Fecha de entrada en vigor de la declaraci\u00f3n actual\" en la parte inferior de esta p\u00e1gina. El uso de este Sitio implica la aceptaci\u00f3n de estas Condiciones de uso. Le recomendamos que revise peri\u00f3dicamente estas Condiciones de uso para asegurarse de que conoce las futuras modificaciones. Fecha de entrada en vigor: 1 de agosto de 2019<\/p>\t\t\t\t\t\t\t\t<\/div>\n\t\t\t\t\t<\/div>\n\t\t\t\t<\/div>\n\t\t\t\t<\/div>","protected":false},"excerpt":{"rendered":"<p>Terms of Use Presto Loan Centers, LLC. PLEASE READ THESE TERMS OF USE CAREFULLY. BY ACCESSING OR USING THIS WEBSITE [&hellip;]<\/p>\n","protected":false},"author":2,"featured_media":0,"parent":0,"menu_order":0,"comment_status":"closed","ping_status":"closed","template":"","meta":{"site-sidebar-layout":"no-sidebar","site-content-layout":"","ast-site-content-layout":"full-width-container","site-content-style":"default","site-sidebar-style":"default","ast-global-header-display":"","ast-banner-title-visibility":"","ast-main-header-display":"","ast-hfb-above-header-display":"","ast-hfb-below-header-display":"","ast-hfb-mobile-header-display":"","site-post-title":"disabled","ast-breadcrumbs-content":"","ast-featured-img":"disabled","footer-sml-layout":"","ast-disable-related-posts":"","theme-transparent-header-meta":"","adv-header-id-meta":"","stick-header-meta":"","header-above-stick-meta":"","header-main-stick-meta":"","header-below-stick-meta":"","astra-migrate-meta-layouts":"default","ast-page-background-enabled":"default","ast-page-background-meta":{"desktop":{"background-color":"var(--ast-global-color-5)","background-image":"","background-repeat":"repeat","background-position":"center center","background-size":"auto","background-attachment":"scroll","background-type":"","background-media":"","overlay-type":"","overlay-color":"","overlay-opacity":"","overlay-gradient":""},"tablet":{"background-color":"","background-image":"","background-repeat":"repeat","background-position":"center center","background-size":"auto","background-attachment":"scroll","background-type":"","background-media":"","overlay-type":"","overlay-color":"","overlay-opacity":"","overlay-gradient":""},"mobile":{"background-color":"","background-image":"","background-repeat":"repeat","background-position":"center center","background-size":"auto","background-attachment":"scroll","background-type":"","background-media":"","overlay-type":"","overlay-color":"","overlay-opacity":"","overlay-gradient":""}},"ast-content-background-meta":{"desktop":{"background-color":"var(--ast-global-color-4)","background-image":"","background-repeat":"repeat","background-position":"center center","background-size":"auto","background-attachment":"scroll","background-type":"","background-media":"","overlay-type":"","overlay-color":"","overlay-opacity":"","overlay-gradient":""},"tablet":{"background-color":"var(--ast-global-color-4)","background-image":"","background-repeat":"repeat","background-position":"center center","background-size":"auto","background-attachment":"scroll","background-type":"","background-media":"","overlay-type":"","overlay-color":"","overlay-opacity":"","overlay-gradient":""},"mobile":{"background-color":"var(--ast-global-color-4)","background-image":"","background-repeat":"repeat","background-position":"center center","background-size":"auto","background-attachment":"scroll","background-type":"","background-media":"","overlay-type":"","overlay-color":"","overlay-opacity":"","overlay-gradient":""}},"footnotes":""},"class_list":["post-281","page","type-page","status-publish","hentry"],"yoast_head":"<!-- This site is optimized with the Yoast SEO plugin v27.4 - https:\/\/yoast.com\/product\/yoast-seo-wordpress\/ -->\n<title>Terms of Use - Loan Eligibility, Policies &amp; More | Presto Loans<\/title>\n<meta name=\"description\" content=\"Review our Terms of Use to understand Presto Auto Title Loans eligibility, policies, and how we protect your personal information and loan details.\" \/>\n<meta name=\"robots\" content=\"index, follow, max-snippet:-1, max-image-preview:large, max-video-preview:-1\" \/>\n<link rel=\"canonical\" href=\"https:\/\/prestoloans.com\/es\/condiciones-de-uso\/\" \/>\n<meta property=\"og:locale\" content=\"es_MX\" \/>\n<meta property=\"og:type\" content=\"article\" \/>\n<meta property=\"og:title\" content=\"Terms of Use - Loan Eligibility, Policies &amp; More | Presto Loans\" \/>\n<meta property=\"og:description\" content=\"Review our Terms of Use to understand Presto Auto Title Loans eligibility, policies, and how we protect your personal information and loan details.\" \/>\n<meta property=\"og:url\" content=\"https:\/\/prestoloans.com\/es\/condiciones-de-uso\/\" \/>\n<meta property=\"og:site_name\" content=\"Presto Title Loans\" \/>\n<meta property=\"article:modified_time\" content=\"2025-08-19T15:40:08+00:00\" \/>\n<meta name=\"twitter:card\" content=\"summary_large_image\" \/>\n<meta name=\"twitter:label1\" content=\"Est. reading time\" \/>\n\t<meta name=\"twitter:data1\" content=\"7 minutos\" \/>\n<!-- \/ Yoast SEO plugin. -->","yoast_head_json":{"title":"Condiciones de uso - Elegibilidad del pr\u00e9stamo, pol\u00edticas y m\u00e1s | Presto Loans","description":"Revise nuestros T\u00e9rminos de Uso para entender Presto Auto Title Loans elegibilidad, pol\u00edticas, y c\u00f3mo protegemos su informaci\u00f3n personal y detalles del pr\u00e9stamo.","robots":{"index":"index","follow":"follow","max-snippet":"max-snippet:-1","max-image-preview":"max-image-preview:large","max-video-preview":"max-video-preview:-1"},"canonical":"https:\/\/prestoloans.com\/es\/condiciones-de-uso\/","og_locale":"es_MX","og_type":"article","og_title":"Terms of Use - Loan Eligibility, Policies & More | Presto Loans","og_description":"Review our Terms of Use to understand Presto Auto Title Loans eligibility, policies, and how we protect your personal information and loan details.","og_url":"https:\/\/prestoloans.com\/es\/condiciones-de-uso\/","og_site_name":"Presto Title Loans","article_modified_time":"2025-08-19T15:40:08+00:00","twitter_card":"summary_large_image","twitter_misc":{"Est. reading time":"7 minutos"},"schema":{"@context":"https:\/\/schema.org","@graph":[{"@type":"WebPage","@id":"https:\/\/prestoloans.com\/terms-of-use\/","url":"https:\/\/prestoloans.com\/terms-of-use\/","name":"Condiciones de uso - Elegibilidad del pr\u00e9stamo, pol\u00edticas y m\u00e1s | Presto Loans","isPartOf":{"@id":"https:\/\/prestoloans.com\/#website"},"datePublished":"2025-07-28T16:03:49+00:00","dateModified":"2025-08-19T15:40:08+00:00","description":"Revise nuestros T\u00e9rminos de Uso para entender Presto Auto Title Loans elegibilidad, pol\u00edticas, y c\u00f3mo protegemos su informaci\u00f3n personal y detalles del pr\u00e9stamo.","breadcrumb":{"@id":"https:\/\/prestoloans.com\/terms-of-use\/#breadcrumb"},"inLanguage":"es","potentialAction":[{"@type":"ReadAction","target":["https:\/\/prestoloans.com\/terms-of-use\/"]}]},{"@type":"BreadcrumbList","@id":"https:\/\/prestoloans.com\/terms-of-use\/#breadcrumb","itemListElement":[{"@type":"ListItem","position":1,"name":"Home","item":"https:\/\/prestoloans.com\/"},{"@type":"ListItem","position":2,"name":"Terms of Use"}]},{"@type":"WebSite","@id":"https:\/\/prestoloans.com\/#website","url":"https:\/\/prestoloans.com\/","name":"Presto Title Loans","description":"","potentialAction":[{"@type":"SearchAction","target":{"@type":"EntryPoint","urlTemplate":"https:\/\/prestoloans.com\/?s={search_term_string}"},"query-input":{"@type":"PropertyValueSpecification","valueRequired":true,"valueName":"search_term_string"}}],"inLanguage":"es"}]}},"featured_image_src":null,"featured_image_src_square":null,"_links":{"self":[{"href":"https:\/\/prestoloans.com\/es\/wp-json\/wp\/v2\/pages\/281","targetHints":{"allow":["GET"]}}],"collection":[{"href":"https:\/\/prestoloans.com\/es\/wp-json\/wp\/v2\/pages"}],"about":[{"href":"https:\/\/prestoloans.com\/es\/wp-json\/wp\/v2\/types\/page"}],"author":[{"embeddable":true,"href":"https:\/\/prestoloans.com\/es\/wp-json\/wp\/v2\/users\/2"}],"replies":[{"embeddable":true,"href":"https:\/\/prestoloans.com\/es\/wp-json\/wp\/v2\/comments?post=281"}],"version-history":[{"count":0,"href":"https:\/\/prestoloans.com\/es\/wp-json\/wp\/v2\/pages\/281\/revisions"}],"wp:attachment":[{"href":"https:\/\/prestoloans.com\/es\/wp-json\/wp\/v2\/media?parent=281"}],"curies":[{"name":"wp","href":"https:\/\/api.w.org\/{rel}","templated":true}]}}